{"id":379,"date":"2022-11-16T12:14:05","date_gmt":"2022-11-16T11:14:05","guid":{"rendered":"https:\/\/www.saaswedo.com\/?page_id=379"},"modified":"2024-04-09T17:13:49","modified_gmt":"2024-04-09T15:13:49","slug":"besoin-performance-environnementale","status":"publish","type":"page","link":"https:\/\/www.saaswedo.com\/fr\/besoin-performance-environnementale\/","title":{"rendered":"Besoin &#8211; Performance environnementale"},"content":{"rendered":"<section class=\"wpb-content-wrapper\"><p>[vc_row padding_top_multiplier=\u00a0\u00bb3x\u00a0\u00bb padding_bottom_multiplier=\u00a0\u00bb4x\u00a0\u00bb rc_bg_type=\u00a0\u00bbimage\u00a0\u00bb rc_bg_image=\u00a0\u00bb194&Prime; rc_bg_image_type=\u00a0\u00bbfixed\u00a0\u00bb columns_gap=\u00a0\u00bb60&Prime;][vc_column text_align=\u00a0\u00bbcenter\u00a0\u00bb animation=\u00a0\u00bbfade-in-up\u00a0\u00bb]<div class=\"grve-empty-space grve-height-2x\"><\/div><h1 class=\"grve-element grve-title grve-align-center grve-h1\" style=\"margin-bottom: 40px;\"><span>Performance environnementale<\/span><\/h1><h2 class=\"grve-element grve-title grve-align-center grve-h6 grve-custom-font-1\" style=\"margin-bottom: 10px;\"><span>Mesure de l\u2019empreinte carbone IT, d\u00e9finition de la politique d\u2019achat responsable, strat\u00e9gie de fin de vie des \u00e9quipements, suivi du plan de performance.<\/span><\/h2>[\/vc_column][\/vc_row][vc_row padding_top_multiplier=\u00a0\u00bb2x\u00a0\u00bb padding_bottom_multiplier=\u00a0\u00bb2x\u00a0\u00bb columns_gap=\u00a0\u00bb60&Prime;][vc_column width=\u00a0\u00bb1\/2&Prime; vertical_content_position=\u00a0\u00bbmiddle\u00a0\u00bb animation=\u00a0\u00bbfade-in-up\u00a0\u00bb animation_delay=\u00a0\u00bb200&Prime; mobile_column_order=\u00a0\u00bb2&Prime;]<h3 class=\"grve-element grve-title grve-align-inherit grve-h4 grve-custom-font-2\"><span>R\u00e9duire l\u2019empreinte carbone num\u00e9rique<\/span><\/h3>[vc_column_text]<\/p>\n<h6><\/h6>\n<p>[\/vc_column_text][vc_column_text css=\u00a0\u00bb.vc_custom_1677599208305{margin-bottom: 20px !important;}\u00a0\u00bb el_class=\u00a0\u00bblist-perso\u00a0\u00bb]Le \u00ab\u00a0Green IT\u00a0\u00bb traite des enjeux \u00e9cologiques li\u00e9s aux technologies de l\u2019information et de la communication (TIC) et aux usages associ\u00e9s. Cependant, le fonctionnement des outils num\u00e9riques n\u00e9cessite d\u2019importantes ressources naturelles et \u00e9nerg\u00e9tiques. Selon <a href=\"https:\/\/theshiftproject.org\/article\/pour-une-sobriete-numerique-rapport-shift\/\" target=\"_blank\" rel=\"noopener\">The Shift Project<\/a>, si le num\u00e9rique \u00e9tait un pays, il serait le <strong>2e plus gros consommateur d\u2019\u00e9nergie<\/strong> au monde et le <strong>4e plus gros \u00e9metteur de GES (gaz \u00e0 effet de serre).<\/strong>\u00a0 \u00c0 l\u2019\u00e9chelle mondiale, en 2017, la fabrication et l\u2019usage des outils du num\u00e9rique ont consomm\u00e9 <strong>3000 TWh d\u2019\u00e9nergie<\/strong> (soit 2,7 % de la consommation totale) et \u00e9mis <strong>1800 Mt <\/strong>de GES (soit 3,4 % des \u00e9missions totales).<br \/>\nLa multiplication des \u00e9quipements et l\u2019explosion du volume de donn\u00e9es \u00e9chang\u00e9es engendre une croissance rapide (environ 9 % par an en moyenne pour chaque impact) de la consommation d\u2019\u00e9nergie du num\u00e9rique ainsi que des \u00e9missions de GES.<\/p>\n<p>La diminution de notre empreinte carbone num\u00e9rique est donc un enjeu majeur qui engage chaque entreprise.[\/vc_column_text]<div class=\"grve-element grve-align-inherit\" style=\"margin-bottom: 15px;\"><a href=\"https:\/\/www.saaswedo.com\/fr\/prestation-gestion-durable-des-equipements\/\" class=\"grve-btn-text grve-btn-only-text grve-text-primary-1 grve-text-hover-black grve-btn-medium grve-with-svg-icon-arrow-1\">\r\n\t\t<div class=\"grve-btn-inner\">\r\n\t\t<span>Voir Gestion durable des \u00e9quipements<\/span>\r\n\t\t\t\t\t\t\t<div class=\"grve-btn-svg-icon grve-with-shape grve-svg-white\">\r\n\t\t\t\t\t\t<svg width=\"12px\" height=\"12px\" viewBox=\"0 0 12 12\">\r\n\t\t\t\t<polygon points=\"3.6 0 10 6 3.6 12 2 10.5 6.8 6 2 1.5\"><\/polygon>\r\n\t\t\t<\/svg>\r\n\t\t\t\t\t\t\t\t\t<div class=\"grve-shape-icon grve-circle grve-simple grve-bg-primary-1\"><\/div>\r\n\t\t\t\t\t<\/div>\r\n\t\t\t\t\t<\/div>\r\n\t<\/a><\/div><div class=\"grve-element grve-align-inherit\" style=\"margin-bottom: 15px;\"><a href=\"https:\/\/www.saaswedo.com\/fr\/prestation-audit-pour-optimiser-votre-digital-workplace\/\" class=\"grve-btn-text grve-btn-only-text grve-text-primary-1 grve-text-hover-black grve-btn-medium grve-with-svg-icon-arrow-1\">\r\n\t\t<div class=\"grve-btn-inner\">\r\n\t\t<span>Voir Audit pour optimiser votre Digital Workplace<\/span>\r\n\t\t\t\t\t\t\t<div class=\"grve-btn-svg-icon grve-with-shape grve-svg-white\">\r\n\t\t\t\t\t\t<svg width=\"12px\" height=\"12px\" viewBox=\"0 0 12 12\">\r\n\t\t\t\t<polygon points=\"3.6 0 10 6 3.6 12 2 10.5 6.8 6 2 1.5\"><\/polygon>\r\n\t\t\t<\/svg>\r\n\t\t\t\t\t\t\t\t\t<div class=\"grve-shape-icon grve-circle grve-simple grve-bg-primary-1\"><\/div>\r\n\t\t\t\t\t<\/div>\r\n\t\t\t\t\t<\/div>\r\n\t<\/a><\/div>[\/vc_column][vc_column width=\u00a0\u00bb1\/2&Prime; vertical_content_position=\u00a0\u00bbmiddle\u00a0\u00bb mobile_column_order=\u00a0\u00bb1&Prime;]<div data-animation=\"clipping-left\" data-delay=\"400\" data-duration=\"normal\" class=\"grve-element grve-image grve-align-center grve-clipping-animation grve-advanced-animation grve-animated-item grve-image-space-100 grve-image-expand-width\">\r\n\t<div class=\"grve-image-item\">\r\n\t\t\r\n\r\n<div class=\"grve-image-wrapper grve-radius-5 grve-shadow-small grve-no-effect\">\r\n\t\t<div class=\"grve-thumbnail-wrapper\"><div class=\"grve-thumbnail\"  style=\"padding-top: 66.641%;\"><img loading=\"lazy\" decoding=\"async\" width=\"1280\" height=\"853\" src=\"https:\/\/www.saaswedo.com\/wp-content\/uploads\/2023\/06\/8-performance-environnementale-empreinte-carbone_02.jpeg\" class=\"attachment-full size-full\" alt=\"image d&#039;une f\u00f4ret\" data-column-space=\"100\" data-lazyload=\"\" data-grve-filter=\"yes\" srcset=\"https:\/\/www.saaswedo.com\/wp-content\/uploads\/2023\/06\/8-performance-environnementale-empreinte-carbone_02.jpeg 1280w, https:\/\/www.saaswedo.com\/wp-content\/uploads\/2023\/06\/8-performance-environnementale-empreinte-carbone_02-300x200.jpeg 300w, https:\/\/www.saaswedo.com\/wp-content\/uploads\/2023\/06\/8-performance-environnementale-empreinte-carbone_02-1024x682.jpeg 1024w, https:\/\/www.saaswedo.com\/wp-content\/uploads\/2023\/06\/8-performance-environnementale-empreinte-carbone_02-768x512.jpeg 768w\" sizes=\"auto, (max-width: 1280px) 100vw, 1280px\" \/><\/div><\/div>\t<\/div>\r\n\t<\/div>\r\n<\/div>\r\n[\/vc_column][\/vc_row][vc_row padding_top_multiplier=\u00a0\u00bb2x\u00a0\u00bb padding_bottom_multiplier=\u00a0\u00bb2x\u00a0\u00bb columns_gap=\u00a0\u00bb60&Prime;][vc_column width=\u00a0\u00bb1\/2&Prime; vertical_content_position=\u00a0\u00bbmiddle\u00a0\u00bb]<div data-animation=\"clipping-right\" data-delay=\"400\" data-duration=\"normal\" class=\"grve-element grve-image grve-align-center grve-clipping-animation grve-advanced-animation grve-animated-item grve-image-space-100 grve-image-expand-width\">\r\n\t<div class=\"grve-image-item\">\r\n\t\t\r\n\r\n<div class=\"grve-image-wrapper grve-radius-5 grve-shadow-small grve-no-effect\">\r\n\t\t<div class=\"grve-thumbnail-wrapper\"><div class=\"grve-thumbnail\"  style=\"padding-top: 66.641%;\"><img loading=\"lazy\" decoding=\"async\" width=\"1280\" height=\"853\" src=\"https:\/\/www.saaswedo.com\/wp-content\/uploads\/2023\/06\/9-performance-environnementale-protection-b.jpeg\" class=\"attachment-full size-full\" alt=\"etma\" data-column-space=\"100\" data-lazyload=\"\" data-grve-filter=\"yes\" srcset=\"https:\/\/www.saaswedo.com\/wp-content\/uploads\/2023\/06\/9-performance-environnementale-protection-b.jpeg 1280w, https:\/\/www.saaswedo.com\/wp-content\/uploads\/2023\/06\/9-performance-environnementale-protection-b-300x200.jpeg 300w, https:\/\/www.saaswedo.com\/wp-content\/uploads\/2023\/06\/9-performance-environnementale-protection-b-1024x682.jpeg 1024w, https:\/\/www.saaswedo.com\/wp-content\/uploads\/2023\/06\/9-performance-environnementale-protection-b-768x512.jpeg 768w\" sizes=\"auto, (max-width: 1280px) 100vw, 1280px\" \/><\/div><\/div>\t<\/div>\r\n\t<\/div>\r\n<\/div>\r\n[\/vc_column][vc_column width=\u00a0\u00bb1\/2&Prime; vertical_content_position=\u00a0\u00bbmiddle\u00a0\u00bb animation=\u00a0\u00bbfade-in-up\u00a0\u00bb animation_delay=\u00a0\u00bb200&Prime;]<h3 class=\"grve-element grve-title grve-align-inherit grve-h4 grve-custom-font-2\"><span>Plan de performance environnementale<\/span><\/h3>[vc_column_text]<\/p>\n<h6><\/h6>\n<p>[\/vc_column_text][vc_column_text css=\u00a0\u00bb.vc_custom_1677600651555{margin-bottom: 20px !important;}\u00a0\u00bb el_class=\u00a0\u00bblist-perso\u00a0\u00bb]<\/p>\n<p class=\"p1\"><span class=\"s1\">Le processus de r\u00e9duction de l\u2019empreinte carbone du num\u00e9rique implique l\u2019entreprise \u00e0 tous les niveaux (Direction, achats, IT, RSE, collaborateurs\u2026). Plusieurs facteurs d\u2019impact sont parfaitement accessibles \u00e0 l\u2019entreprise pour r\u00e9duire son impact. Pour les mettre en \u0153uvre, les organisations doivent r\u00e9pondre \u00e0 plusieurs questions :<\/span><\/p>\n<ul class=\"ul1\">\n<li class=\"li1\"><span class=\"s1\">Comment mesurer l\u2019empreinte actuelle\u00a0?<\/span><\/li>\n<li class=\"li1\"><span class=\"s1\">Existe-il un processus de traitement des \u00e9quipements en fin de d\u00e9tention au m\u00eame titre que pour le processus d&rsquo;approvisionnement?<\/span><\/li>\n<li class=\"li1\"><span class=\"s1\">Quelle est l\u2019empreinte carbone de fabrication des diff\u00e9rents mod\u00e8les d\u2019\u00e9quipements que nous commandons\u00a0?<\/span><\/li>\n<li class=\"li1\"><span class=\"s1\">Comment trouver des offres de mat\u00e9riels reconditionn\u00e9s qui correspondent \u00e0 nos besoins m\u00e9tiers\u00a0?<\/span><\/li>\n<li class=\"li1\"><span class=\"s1\">Comment les indices de r\u00e9parabilit\u00e9s impactent-elles le calcul de notre empreinte carbone ?<\/span><\/li>\n<li class=\"li1\"><span class=\"s1\">Comment s\u2019articule la politique d\u2019achats responsables pour le num\u00e9rique ?<\/span><\/li>\n<li class=\"li1\"><span class=\"s1\">Quels indicateurs pour suivre notre trajectoire\u00a0?<\/span><\/li>\n<\/ul>\n<p class=\"p1\"><span class=\"s1\">Saaswedo permet de mesurer l\u2019empreinte carbone num\u00e9rique actuelle de l\u2019entreprise, de simuler les effets d&rsquo;une nouvelle politique de gestion et de suivre les progr\u00e8s r\u00e9alis\u00e9s dans le cadre d\u2019un plan de performance.<\/span><\/p>\n<p>En fonction de la situation de d\u00e9part de l&rsquo;entreprise, un plan de performance carbone g\u00e9n\u00e8re une r\u00e9duction de l&#8217;empreinte carbone du num\u00e9rique comprise entre 20% et 60%. Les \u00e9conomies carbone ainsi r\u00e9alis\u00e9es sont m\u00e9caniquement accompagn\u00e9es d&rsquo;\u00e9conomies budg\u00e9taires importantes.[\/vc_column_text]<div class=\"grve-element grve-align-inherit\" style=\"margin-bottom: 15px;\"><a href=\"https:\/\/www.saaswedo.com\/fr\/prestation-gestion-durable-des-equipements\/\" class=\"grve-btn-text grve-btn-only-text grve-text-primary-1 grve-text-hover-black grve-btn-medium grve-with-svg-icon-arrow-1\">\r\n\t\t<div class=\"grve-btn-inner\">\r\n\t\t<span>Voir Gestion durable des \u00e9quipements<\/span>\r\n\t\t\t\t\t\t\t<div class=\"grve-btn-svg-icon grve-with-shape grve-svg-white\">\r\n\t\t\t\t\t\t<svg width=\"12px\" height=\"12px\" viewBox=\"0 0 12 12\">\r\n\t\t\t\t<polygon points=\"3.6 0 10 6 3.6 12 2 10.5 6.8 6 2 1.5\"><\/polygon>\r\n\t\t\t<\/svg>\r\n\t\t\t\t\t\t\t\t\t<div class=\"grve-shape-icon grve-circle grve-simple grve-bg-primary-1\"><\/div>\r\n\t\t\t\t\t<\/div>\r\n\t\t\t\t\t<\/div>\r\n\t<\/a><\/div><div class=\"grve-element grve-align-inherit\" style=\"margin-bottom: 15px;\"><a href=\"https:\/\/www.saaswedo.com\/fr\/prestation-audit-pour-optimiser-votre-digital-workplace\/\" class=\"grve-btn-text grve-btn-only-text grve-text-primary-1 grve-text-hover-black grve-btn-medium grve-with-svg-icon-arrow-1\">\r\n\t\t<div class=\"grve-btn-inner\">\r\n\t\t<span>Voir Audit pour optimiser votre Digital Workplace<\/span>\r\n\t\t\t\t\t\t\t<div class=\"grve-btn-svg-icon grve-with-shape grve-svg-white\">\r\n\t\t\t\t\t\t<svg width=\"12px\" height=\"12px\" viewBox=\"0 0 12 12\">\r\n\t\t\t\t<polygon points=\"3.6 0 10 6 3.6 12 2 10.5 6.8 6 2 1.5\"><\/polygon>\r\n\t\t\t<\/svg>\r\n\t\t\t\t\t\t\t\t\t<div class=\"grve-shape-icon grve-circle grve-simple grve-bg-primary-1\"><\/div>\r\n\t\t\t\t\t<\/div>\r\n\t\t\t\t\t<\/div>\r\n\t<\/a><\/div>[\/vc_column][\/vc_row][vc_row][vc_column]<div class=\"grve-empty-space grve-height-1x\"><\/div>[\/vc_column][\/vc_row]<\/p>\n<\/section>","protected":false},"excerpt":{"rendered":"<p>[vc_row padding_top_multiplier=\u00a0\u00bb3x\u00a0\u00bb padding_bottom_multiplier=\u00a0\u00bb4x\u00a0\u00bb rc_bg_type=\u00a0\u00bbimage\u00a0\u00bb rc_bg_image=\u00a0\u00bb194&Prime; rc_bg_image_type=\u00a0\u00bbfixed\u00a0\u00bb columns_gap=\u00a0\u00bb60&Prime;][vc_column text_align=\u00a0\u00bbcenter\u00a0\u00bb animation=\u00a0\u00bbfade-in-up\u00a0\u00bb][\/vc_column][\/vc_row][vc_row padding_top_multiplier=\u00a0\u00bb2x\u00a0\u00bb padding_bottom_multiplier=\u00a0\u00bb2x\u00a0\u00bb columns_gap=\u00a0\u00bb60&Prime;][vc_column width=\u00a0\u00bb1\/2&Prime; vertical_content_position=\u00a0\u00bbmiddle\u00a0\u00bb animation=\u00a0\u00bbfade-in-up\u00a0\u00bb animation_delay=\u00a0\u00bb200&Prime; mobile_column_order=\u00a0\u00bb2&Prime;][vc_column_text] [\/vc_column_text][vc_column_text css=\u00a0\u00bb.vc_custom_1677599208305{margin-bottom: 20px !important;}\u00a0\u00bb el_class=\u00a0\u00bblist-perso\u00a0\u00bb]Le \u00ab\u00a0Green IT\u00a0\u00bb traite des enjeux \u00e9cologiques li\u00e9s aux technologies de l\u2019information et de la communication (TIC) et aux usages associ\u00e9s. Cependant, le fonctionnement des outils num\u00e9riques n\u00e9cessite d\u2019importantes ressources naturelles et \u00e9nerg\u00e9tiques. Selon [&hellip;]<\/p>\n","protected":false},"author":1,"featured_media":103,"parent":0,"menu_order":0,"comment_status":"closed","ping_status":"closed","template":"","meta":{"inline_featured_image":false,"footnotes":""},"class_list":["post-379","page","type-page","status-publish","has-post-thumbnail","hentry","grve-entry-item"],"yoast_head":"<!-- This site is optimized with the Yoast SEO plugin v27.2 - https:\/\/yoast.com\/product\/yoast-seo-wordpress\/ -->\n<title>Performance environnementale des entreprises - Saaswedo<\/title>\n<meta name=\"description\" content=\"Nous aidons les entreprises \u00e0 mesurer leur empreinte carbone IT, \u00e0 adopter des achats responsables et \u00e0 g\u00e9rer la fin de vie des \u00e9quipements.\" \/>\n<meta name=\"robots\" content=\"index, follow, max-snippet:-1, max-image-preview:large, max-video-preview:-1\" \/>\n<link rel=\"canonical\" href=\"https:\/\/www.saaswedo.com\/fr\/besoin-performance-environnementale\/\" \/>\n<meta property=\"og:locale\" content=\"fr_FR\" \/>\n<meta property=\"og:type\" content=\"article\" \/>\n<meta property=\"og:title\" content=\"Performance environnementale des entreprises - Saaswedo\" \/>\n<meta property=\"og:description\" content=\"Nous aidons les entreprises \u00e0 mesurer leur empreinte carbone IT, \u00e0 d\u00e9finir leur politique d\u2019achat responsable, leur strat\u00e9gie de fin de vie des \u00e9quipements, et \u00e0 suivre le plan de performance.\" \/>\n<meta property=\"og:url\" content=\"https:\/\/www.saaswedo.com\/fr\/besoin-performance-environnementale\/\" \/>\n<meta property=\"og:site_name\" content=\"SAASWEDO - Sustainable Digital Workplace performance\" \/>\n<meta property=\"article:modified_time\" content=\"2024-04-09T15:13:49+00:00\" \/>\n<meta property=\"og:image\" content=\"https:\/\/www.saaswedo.com\/wp-content\/uploads\/2022\/11\/visuel-saaswedo_1024x768.jpg\" \/>\n\t<meta property=\"og:image:width\" content=\"1280\" \/>\n\t<meta property=\"og:image:height\" content=\"768\" \/>\n\t<meta property=\"og:image:type\" content=\"image\/jpeg\" \/>\n<meta name=\"twitter:card\" content=\"summary_large_image\" \/>\n<meta name=\"twitter:title\" content=\"Performance environnementale des entreprises - Saaswedo\" \/>\n<meta name=\"twitter:description\" content=\"Nous aidons les entreprises \u00e0 mesurer leur empreinte carbone IT, \u00e0 d\u00e9finir leur politique d\u2019achat responsable, leur strat\u00e9gie de fin de vie des \u00e9quipements, et \u00e0 suivre le plan de performance.\" \/>\n<meta name=\"twitter:label1\" content=\"Dur\u00e9e de lecture estim\u00e9e\" \/>\n\t<meta name=\"twitter:data1\" content=\"3 minutes\" \/>\n<script type=\"application\/ld+json\" class=\"yoast-schema-graph\">{\"@context\":\"https:\/\/schema.org\",\"@graph\":[{\"@type\":\"WebPage\",\"@id\":\"https:\/\/www.saaswedo.com\/fr\/besoin-performance-environnementale\/\",\"url\":\"https:\/\/www.saaswedo.com\/fr\/besoin-performance-environnementale\/\",\"name\":\"Performance environnementale des entreprises - Saaswedo\",\"isPartOf\":{\"@id\":\"https:\/\/www.saaswedo.com\/fr\/#website\"},\"primaryImageOfPage\":{\"@id\":\"https:\/\/www.saaswedo.com\/fr\/besoin-performance-environnementale\/#primaryimage\"},\"image\":{\"@id\":\"https:\/\/www.saaswedo.com\/fr\/besoin-performance-environnementale\/#primaryimage\"},\"thumbnailUrl\":\"https:\/\/www.saaswedo.com\/wp-content\/uploads\/2022\/11\/visuel-saaswedo_1024x768.jpg\",\"datePublished\":\"2022-11-16T11:14:05+00:00\",\"dateModified\":\"2024-04-09T15:13:49+00:00\",\"description\":\"Nous aidons les entreprises \u00e0 mesurer leur empreinte carbone IT, \u00e0 adopter des achats responsables et \u00e0 g\u00e9rer la fin de vie des \u00e9quipements.\",\"breadcrumb\":{\"@id\":\"https:\/\/www.saaswedo.com\/fr\/besoin-performance-environnementale\/#breadcrumb\"},\"inLanguage\":\"fr-FR\",\"potentialAction\":[{\"@type\":\"ReadAction\",\"target\":[\"https:\/\/www.saaswedo.com\/fr\/besoin-performance-environnementale\/\"]}]},{\"@type\":\"ImageObject\",\"inLanguage\":\"fr-FR\",\"@id\":\"https:\/\/www.saaswedo.com\/fr\/besoin-performance-environnementale\/#primaryimage\",\"url\":\"https:\/\/www.saaswedo.com\/wp-content\/uploads\/2022\/11\/visuel-saaswedo_1024x768.jpg\",\"contentUrl\":\"https:\/\/www.saaswedo.com\/wp-content\/uploads\/2022\/11\/visuel-saaswedo_1024x768.jpg\",\"width\":1280,\"height\":768,\"caption\":\"saas\"},{\"@type\":\"BreadcrumbList\",\"@id\":\"https:\/\/www.saaswedo.com\/fr\/besoin-performance-environnementale\/#breadcrumb\",\"itemListElement\":[{\"@type\":\"ListItem\",\"position\":1,\"name\":\"Accueil\",\"item\":\"https:\/\/www.saaswedo.com\/fr\/\"},{\"@type\":\"ListItem\",\"position\":2,\"name\":\"Besoin &#8211; Performance environnementale\"}]},{\"@type\":\"WebSite\",\"@id\":\"https:\/\/www.saaswedo.com\/fr\/#website\",\"url\":\"https:\/\/www.saaswedo.com\/fr\/\",\"name\":\"SAASWEDO - Sustainable Digital Workplace performance\",\"description\":\"Depuis plus de 15 ans, Saaswedo d\u00e9livre aux entreprises des offres qui permettent de maitriser leur politique IT et t\u00e9l\u00e9com, de simplifier la gestion de leurs actifs et d\u2019optimiser leurs co\u00fbts.\",\"publisher\":{\"@id\":\"https:\/\/www.saaswedo.com\/fr\/#organization\"},\"potentialAction\":[{\"@type\":\"SearchAction\",\"target\":{\"@type\":\"EntryPoint\",\"urlTemplate\":\"https:\/\/www.saaswedo.com\/fr\/?s={search_term_string}\"},\"query-input\":{\"@type\":\"PropertyValueSpecification\",\"valueRequired\":true,\"valueName\":\"search_term_string\"}}],\"inLanguage\":\"fr-FR\"},{\"@type\":\"Organization\",\"@id\":\"https:\/\/www.saaswedo.com\/fr\/#organization\",\"name\":\"SAASWEDO\",\"url\":\"https:\/\/www.saaswedo.com\/fr\/\",\"logo\":{\"@type\":\"ImageObject\",\"inLanguage\":\"fr-FR\",\"@id\":\"https:\/\/www.saaswedo.com\/fr\/#\/schema\/logo\/image\/\",\"url\":\"https:\/\/www.saaswedo.com\/wp-content\/uploads\/2022\/11\/cropped-saaswedo-profil_512-1.png\",\"contentUrl\":\"https:\/\/www.saaswedo.com\/wp-content\/uploads\/2022\/11\/cropped-saaswedo-profil_512-1.png\",\"width\":512,\"height\":512,\"caption\":\"SAASWEDO\"},\"image\":{\"@id\":\"https:\/\/www.saaswedo.com\/fr\/#\/schema\/logo\/image\/\"},\"sameAs\":[\"https:\/\/www.linkedin.com\/company\/saaswedo\/?originalSubdomain=fr\"]}]}<\/script>\n<!-- \/ Yoast SEO plugin. -->","yoast_head_json":{"title":"Performance environnementale des entreprises - Saaswedo","description":"Nous aidons les entreprises \u00e0 mesurer leur empreinte carbone IT, \u00e0 adopter des achats responsables et \u00e0 g\u00e9rer la fin de vie des \u00e9quipements.","robots":{"index":"index","follow":"follow","max-snippet":"max-snippet:-1","max-image-preview":"max-image-preview:large","max-video-preview":"max-video-preview:-1"},"canonical":"https:\/\/www.saaswedo.com\/fr\/besoin-performance-environnementale\/","og_locale":"fr_FR","og_type":"article","og_title":"Performance environnementale des entreprises - Saaswedo","og_description":"Nous aidons les entreprises \u00e0 mesurer leur empreinte carbone IT, \u00e0 d\u00e9finir leur politique d\u2019achat responsable, leur strat\u00e9gie de fin de vie des \u00e9quipements, et \u00e0 suivre le plan de performance.","og_url":"https:\/\/www.saaswedo.com\/fr\/besoin-performance-environnementale\/","og_site_name":"SAASWEDO - Sustainable Digital Workplace performance","article_modified_time":"2024-04-09T15:13:49+00:00","og_image":[{"width":1280,"height":768,"url":"https:\/\/www.saaswedo.com\/wp-content\/uploads\/2022\/11\/visuel-saaswedo_1024x768.jpg","type":"image\/jpeg"}],"twitter_card":"summary_large_image","twitter_title":"Performance environnementale des entreprises - Saaswedo","twitter_description":"Nous aidons les entreprises \u00e0 mesurer leur empreinte carbone IT, \u00e0 d\u00e9finir leur politique d\u2019achat responsable, leur strat\u00e9gie de fin de vie des \u00e9quipements, et \u00e0 suivre le plan de performance.","twitter_misc":{"Dur\u00e9e de lecture estim\u00e9e":"3 minutes"},"schema":{"@context":"https:\/\/schema.org","@graph":[{"@type":"WebPage","@id":"https:\/\/www.saaswedo.com\/fr\/besoin-performance-environnementale\/","url":"https:\/\/www.saaswedo.com\/fr\/besoin-performance-environnementale\/","name":"Performance environnementale des entreprises - Saaswedo","isPartOf":{"@id":"https:\/\/www.saaswedo.com\/fr\/#website"},"primaryImageOfPage":{"@id":"https:\/\/www.saaswedo.com\/fr\/besoin-performance-environnementale\/#primaryimage"},"image":{"@id":"https:\/\/www.saaswedo.com\/fr\/besoin-performance-environnementale\/#primaryimage"},"thumbnailUrl":"https:\/\/www.saaswedo.com\/wp-content\/uploads\/2022\/11\/visuel-saaswedo_1024x768.jpg","datePublished":"2022-11-16T11:14:05+00:00","dateModified":"2024-04-09T15:13:49+00:00","description":"Nous aidons les entreprises \u00e0 mesurer leur empreinte carbone IT, \u00e0 adopter des achats responsables et \u00e0 g\u00e9rer la fin de vie des \u00e9quipements.","breadcrumb":{"@id":"https:\/\/www.saaswedo.com\/fr\/besoin-performance-environnementale\/#breadcrumb"},"inLanguage":"fr-FR","potentialAction":[{"@type":"ReadAction","target":["https:\/\/www.saaswedo.com\/fr\/besoin-performance-environnementale\/"]}]},{"@type":"ImageObject","inLanguage":"fr-FR","@id":"https:\/\/www.saaswedo.com\/fr\/besoin-performance-environnementale\/#primaryimage","url":"https:\/\/www.saaswedo.com\/wp-content\/uploads\/2022\/11\/visuel-saaswedo_1024x768.jpg","contentUrl":"https:\/\/www.saaswedo.com\/wp-content\/uploads\/2022\/11\/visuel-saaswedo_1024x768.jpg","width":1280,"height":768,"caption":"saas"},{"@type":"BreadcrumbList","@id":"https:\/\/www.saaswedo.com\/fr\/besoin-performance-environnementale\/#breadcrumb","itemListElement":[{"@type":"ListItem","position":1,"name":"Accueil","item":"https:\/\/www.saaswedo.com\/fr\/"},{"@type":"ListItem","position":2,"name":"Besoin &#8211; Performance environnementale"}]},{"@type":"WebSite","@id":"https:\/\/www.saaswedo.com\/fr\/#website","url":"https:\/\/www.saaswedo.com\/fr\/","name":"SAASWEDO - Sustainable Digital Workplace performance","description":"Depuis plus de 15 ans, Saaswedo d\u00e9livre aux entreprises des offres qui permettent de maitriser leur politique IT et t\u00e9l\u00e9com, de simplifier la gestion de leurs actifs et d\u2019optimiser leurs co\u00fbts.","publisher":{"@id":"https:\/\/www.saaswedo.com\/fr\/#organization"},"potentialAction":[{"@type":"SearchAction","target":{"@type":"EntryPoint","urlTemplate":"https:\/\/www.saaswedo.com\/fr\/?s={search_term_string}"},"query-input":{"@type":"PropertyValueSpecification","valueRequired":true,"valueName":"search_term_string"}}],"inLanguage":"fr-FR"},{"@type":"Organization","@id":"https:\/\/www.saaswedo.com\/fr\/#organization","name":"SAASWEDO","url":"https:\/\/www.saaswedo.com\/fr\/","logo":{"@type":"ImageObject","inLanguage":"fr-FR","@id":"https:\/\/www.saaswedo.com\/fr\/#\/schema\/logo\/image\/","url":"https:\/\/www.saaswedo.com\/wp-content\/uploads\/2022\/11\/cropped-saaswedo-profil_512-1.png","contentUrl":"https:\/\/www.saaswedo.com\/wp-content\/uploads\/2022\/11\/cropped-saaswedo-profil_512-1.png","width":512,"height":512,"caption":"SAASWEDO"},"image":{"@id":"https:\/\/www.saaswedo.com\/fr\/#\/schema\/logo\/image\/"},"sameAs":["https:\/\/www.linkedin.com\/company\/saaswedo\/?originalSubdomain=fr"]}]}},"_links":{"self":[{"href":"https:\/\/www.saaswedo.com\/fr\/wp-json\/wp\/v2\/pages\/379","targetHints":{"allow":["GET"]}}],"collection":[{"href":"https:\/\/www.saaswedo.com\/fr\/wp-json\/wp\/v2\/pages"}],"about":[{"href":"https:\/\/www.saaswedo.com\/fr\/wp-json\/wp\/v2\/types\/page"}],"author":[{"embeddable":true,"href":"https:\/\/www.saaswedo.com\/fr\/wp-json\/wp\/v2\/users\/1"}],"replies":[{"embeddable":true,"href":"https:\/\/www.saaswedo.com\/fr\/wp-json\/wp\/v2\/comments?post=379"}],"version-history":[{"count":22,"href":"https:\/\/www.saaswedo.com\/fr\/wp-json\/wp\/v2\/pages\/379\/revisions"}],"predecessor-version":[{"id":4216,"href":"https:\/\/www.saaswedo.com\/fr\/wp-json\/wp\/v2\/pages\/379\/revisions\/4216"}],"wp:featuredmedia":[{"embeddable":true,"href":"https:\/\/www.saaswedo.com\/fr\/wp-json\/wp\/v2\/media\/103"}],"wp:attachment":[{"href":"https:\/\/www.saaswedo.com\/fr\/wp-json\/wp\/v2\/media?parent=379"}],"curies":[{"name":"wp","href":"https:\/\/api.w.org\/{rel}","templated":true}]}}