{"id":486,"date":"2022-11-18T08:55:41","date_gmt":"2022-11-18T07:55:41","guid":{"rendered":"https:\/\/www.saaswedo.com\/?page_id=486"},"modified":"2026-01-15T11:47:38","modified_gmt":"2026-01-15T10:47:38","slug":"engagements-rse","status":"publish","type":"page","link":"https:\/\/www.saaswedo.com\/fr\/engagements-rse\/","title":{"rendered":"Engagements RSE"},"content":{"rendered":"<section class=\"wpb-content-wrapper\"><p>[vc_row padding_top_multiplier=\u00a0\u00bb3x\u00a0\u00bb padding_bottom_multiplier=\u00a0\u00bb\u00a0\u00bb rc_bg_type=\u00a0\u00bbimage\u00a0\u00bb rc_bg_image=\u00a0\u00bb194&Prime; rc_bg_image_type=\u00a0\u00bbfixed\u00a0\u00bb columns_gap=\u00a0\u00bb60&Prime;][vc_column text_align=\u00a0\u00bbcenter\u00a0\u00bb animation=\u00a0\u00bbfade-in-up\u00a0\u00bb]<div class=\"grve-empty-space grve-height-2x\"><\/div><h1 class=\"grve-element grve-title grve-align-center grve-h1\"><span>Engagements RSE<\/span><\/h1><h2 class=\"grve-element grve-title grve-align-center grve-h6 grve-custom-font-1\" style=\"margin-bottom: 10px;\"><span>Chartes et labels SAASWEDO<\/span><\/h2><div class=\"grve-element grve-image grve-align-center\">\r\n\t<div class=\"grve-image-item\">\r\n\t\t\r\n\r\n<div class=\"grve-image-wrapper grve-no-effect\">\r\n\t\t<div class=\"grve-thumbnail-wrapper\"  style=\"width: 768px;\"><div class=\"grve-thumbnail\"  style=\"padding-top: 29.688%;\"><img loading=\"lazy\" decoding=\"async\" width=\"768\" height=\"228\" src=\"https:\/\/www.saaswedo.com\/wp-content\/uploads\/2026\/01\/PTC-ecovadis-resolution-meilleure-768x228.png\" class=\"attachment-medium_large size-medium_large\" alt=\"\" data-column-space=\"auto\" data-lazyload=\"\" data-grve-filter=\"yes\" srcset=\"https:\/\/www.saaswedo.com\/wp-content\/uploads\/2026\/01\/PTC-ecovadis-resolution-meilleure-768x228.png 768w, https:\/\/www.saaswedo.com\/wp-content\/uploads\/2026\/01\/PTC-ecovadis-resolution-meilleure-300x89.png 300w, https:\/\/www.saaswedo.com\/wp-content\/uploads\/2026\/01\/PTC-ecovadis-resolution-meilleure-600x178.png 600w, https:\/\/www.saaswedo.com\/wp-content\/uploads\/2026\/01\/PTC-ecovadis-resolution-meilleure.png 1106w\" sizes=\"auto, (max-width: 768px) 100vw, 768px\" \/><\/div><\/div>\t<\/div>\r\n\t<\/div>\r\n<\/div>\r\n<div class=\"grve-empty-space grve-height-2x\"><\/div>[\/vc_column][\/vc_row][vc_row padding_top_multiplier=\u00a0\u00bb2x\u00a0\u00bb columns_gap=\u00a0\u00bb60&Prime; equal_column_height=\u00a0\u00bbequal\u00a0\u00bb][vc_column width=\u00a0\u00bb1\/2&Prime; vertical_content_position=\u00a0\u00bbmiddle\u00a0\u00bb]<h2 class=\"grve-element grve-title grve-align-inherit grve-h4 grve-custom-font-2\"><span>SAASWEDO est convaincue que le num\u00e9rique responsable doit devenir la premi\u00e8re pr\u00e9occupation des entreprises<\/span><\/h2>[vc_column_text]Et nous agissons concr\u00e8tement dans cette voie :<\/p>\n<ul>\n<li>Nous sommes signataires de la Charte \u00ab Relations fournisseurs et achats responsables \u00bb (RFAR), qui promeut des relations durables et \u00e9quilibr\u00e9es entre les entreprises et leurs fournisseurs.<\/li>\n<li>Par notre engagement fort au sein de Planet Tech&rsquo;Care, nous partageons les valeurs majeures d\u2019innovation au service de la transition \u00e9cologique.<\/li>\n<li>Saaswedo mesure son empreinte carbone tous les ans.<\/li>\n<li>Notre politique d\u2019inclusion par l\u2019emploi marque l\u2019implication de notre entreprise pour une d\u00e9marche RSE pleine et responsable.<\/li>\n<\/ul>\n<p>[\/vc_column_text][\/vc_column][vc_column width=\u00a0\u00bb1\/2&Prime;]<div data-animation=\"clipping-left\" data-delay=\"400\" data-duration=\"normal\" class=\"grve-element grve-image grve-align-center grve-clipping-animation grve-advanced-animation grve-animated-item grve-image-space-100 grve-image-expand-width\">\r\n\t<div class=\"grve-image-item\">\r\n\t\t\r\n\r\n<div class=\"grve-image-wrapper grve-radius-5 grve-shadow-small grve-no-effect\">\r\n\t\t<div class=\"grve-thumbnail-wrapper\"><div class=\"grve-thumbnail\"  style=\"padding-top: 75%;\"><img loading=\"lazy\" decoding=\"async\" width=\"560\" height=\"420\" src=\"https:\/\/www.saaswedo.com\/wp-content\/uploads\/2022\/11\/foret-1280x853-1-560x420.jpg\" class=\"attachment-impeka-grve-small-rect-horizontal size-impeka-grve-small-rect-horizontal\" alt=\"Saaswedo&#039;s charters depict anti-corruption policies, ethical purchasing norms, as well as CSR initiatives.\" data-column-space=\"100\" data-lazyload=\"\" data-grve-filter=\"yes\" srcset=\"https:\/\/www.saaswedo.com\/wp-content\/uploads\/2022\/11\/foret-1280x853-1-560x420.jpg 560w, https:\/\/www.saaswedo.com\/wp-content\/uploads\/2022\/11\/foret-1280x853-1-900x675.jpg 900w\" sizes=\"auto, (max-width: 560px) 100vw, 560px\" \/><\/div><\/div>\t<\/div>\r\n\t<\/div>\r\n<\/div>\r\n[\/vc_column][\/vc_row][vc_row padding_bottom_multiplier=\u00a0\u00bb\u00a0\u00bb columns_gap=\u00a0\u00bb60&Prime; equal_column_height=\u00a0\u00bbequal\u00a0\u00bb][vc_column width=\u00a0\u00bb1\/2&Prime;]<h2 class=\"grve-element grve-title grve-align-inherit grve-h4 grve-custom-font-2\"><span>Inclusion num\u00e9rique et emploi<\/span><\/h2>[vc_column_text]<em>\u2713 Saaswedo r\u00e9serve une partie des postes \u00e0 pouvoir \u00e0 des personnes en rupture. La remise au travail est le premier axe soci\u00e9tal qui permet d\u2019\u00eatre libre pour une prise de conscience collective. <\/em><\/p>\n<p><em>\u2713 Une formation interne pour tout nouvel arrivant, dipl\u00f4m\u00e9 ou non, junior ou s\u00e9nior, ou en situation de handicap.<\/em>[\/vc_column_text][\/vc_column][vc_column width=\u00a0\u00bb1\/2&Prime; vertical_content_position=\u00a0\u00bbmiddle\u00a0\u00bb]<h2 class=\"grve-element grve-title grve-align-inherit grve-h4 grve-custom-font-2\"><span>Ecoresponsabilit\u00e9 et \u00abnum\u00e9rique responsable\u00bb<\/span><\/h2>[vc_column_text]<\/p>\n<p style=\"text-align: left;\"><em>\u2713 Moins d\u2019impression papier<\/em><br \/>\n<em>\u2713 Extinction des \u00e9crans et des postes de travail<\/em><br \/>\n<em>\u2713 Extinction automatique des lumi\u00e8res<\/em><br \/>\n<em>\u2713 Partenariat avec des soci\u00e9t\u00e9 de courses \u00ab\u00a0vertes\u00a0\u00bb<\/em><br \/>\n<em>\u2713 Recyclage et r\u00e9paration : allongement de la dur\u00e9e de vie des \u00e9quipements et partenariats avec des Entreprises Adapt\u00e9es<\/em><br \/>\n<em>\u2713 Audits r\u00e9guliers de nos actions et mesures<\/em><\/p>\n<p>[\/vc_column_text][\/vc_column][\/vc_row][vc_row padding_top_multiplier=\u00a0\u00bb3x\u00a0\u00bb][vc_column text_align=\u00a0\u00bbcenter\u00a0\u00bb][vc_column_text]Saaswedo int\u00e8gre ces pr\u00e9occupations dans ses offres de services et dans les outils utilis\u00e9s pour s\u2019assurer de la r\u00e9duction de l\u2019empreinte carbone de votre Digital Workplace tout au long de son cycle de vie, de l\u2019achat au recyclage en passant par la gestion au quotidien, le SAV ou le stockage.[\/vc_column_text][\/vc_column][\/vc_row][vc_row padding_top_multiplier=\u00a0\u00bb2x\u00a0\u00bb columns_gap=\u00a0\u00bb50&Prime; equal_column_height=\u00a0\u00bbequal\u00a0\u00bb][vc_column width=\u00a0\u00bb1\/3&Prime;]<div class=\"grve-element grve-image grve-align-center\" style=\"margin-bottom: 30px;\">\r\n\t<div class=\"grve-image-item\">\r\n\t\t\r\n\r\n<div class=\"grve-image-wrapper grve-radius-5 grve-shadow-small grve-no-effect\">\r\n\t\t<div class=\"grve-thumbnail-wrapper\"  style=\"width: 1370px;\"><div class=\"grve-thumbnail\"  style=\"padding-top: 52.701%;\"><img loading=\"lazy\" decoding=\"async\" width=\"1370\" height=\"722\" src=\"https:\/\/www.saaswedo.com\/wp-content\/uploads\/2026\/01\/PR-EcoVadis-Platinum-small-1.jpg\" class=\"attachment-full size-full\" alt=\"\" data-column-space=\"auto\" data-lazyload=\"\" data-grve-filter=\"yes\" srcset=\"https:\/\/www.saaswedo.com\/wp-content\/uploads\/2026\/01\/PR-EcoVadis-Platinum-small-1.jpg 1370w, https:\/\/www.saaswedo.com\/wp-content\/uploads\/2026\/01\/PR-EcoVadis-Platinum-small-1-300x158.jpg 300w, https:\/\/www.saaswedo.com\/wp-content\/uploads\/2026\/01\/PR-EcoVadis-Platinum-small-1-600x316.jpg 600w, https:\/\/www.saaswedo.com\/wp-content\/uploads\/2026\/01\/PR-EcoVadis-Platinum-small-1-768x405.jpg 768w\" sizes=\"auto, (max-width: 1370px) 100vw, 1370px\" \/><\/div><\/div>\t<\/div>\r\n\t<\/div>\r\n<\/div>\r\n[vc_column_text]<\/p>\n<p style=\"text-align: left;\">Depuis sa cr\u00e9ation en 2007, <strong>EcoVadis <\/strong>est devenu un fournisseur mondialement reconnu d\u2019\u00e9valuations de la performance RSE des entreprises, avec un r\u00e9seau de plus de 150\u202f000 soci\u00e9t\u00e9s \u00e9valu\u00e9es. La m\u00e9thodologie d&rsquo;\u00e9valuation d&rsquo;Ecovadis s\u2019appuie sur des normes internationales de RSE, notamment la Global Reporting Initiative, le Pacte mondial des Nations Unies et la norme ISO 26000.<\/p>\n<p style=\"text-align: left;\"><a id=\"menur3h4\" class=\"fui-Link ___1q1shib f2hkw1w f3rmtva f1ewtqcl fyind8e f1k6fduh f1w7gpdv fk6fouc fjoy568 figsok6 f1s184ao f1mk8lai fnbmjn9 f1o700av f13mvf36 f1cmlufx f9n3di6 f1ids18y f1tx3yz7 f1deo86v f1eh06m1 f1iescvh fhgqx19 f1olyrje f1p93eir f1nev41a f1h8hb77 f1lqvz6u f10aw75t fsle3fq f17ae5zn\" title=\"https:\/\/ecovadis.com\/fr\/about-us\/\" href=\"https:\/\/ecovadis.com\/fr\/about-us\/\" target=\"_blank\" rel=\"noreferrer noopener\" aria-label=\"Lien D\u00e9couvrir Ecovadis\">&gt; D\u00e9couvrir Ecovadis\u00a0<\/a><\/p>\n<p>[\/vc_column_text][\/vc_column][vc_column width=\u00a0\u00bb1\/3&Prime;]<div class=\"grve-element grve-image grve-align-center\" style=\"margin-bottom: 30px;\">\r\n\t<div class=\"grve-image-item\">\r\n\t\t\r\n\r\n<div class=\"grve-image-wrapper grve-radius-5 grve-shadow-small grve-no-effect\">\r\n\t\t<div class=\"grve-thumbnail-wrapper\"  style=\"width: 360px;\"><div class=\"grve-thumbnail\"  style=\"padding-top: 52.778%;\"><img loading=\"lazy\" decoding=\"async\" width=\"360\" height=\"190\" src=\"https:\/\/www.saaswedo.com\/wp-content\/uploads\/2023\/02\/label-rse-planet-tech-care_360x190.jpg\" class=\"attachment-full size-full\" alt=\"Planet Tech&#039;Care, a CSR Label that is satisfied with Saaswedo&#039;s commitment to reduce IT carbon footprint\" data-column-space=\"auto\" data-lazyload=\"\" data-grve-filter=\"yes\" srcset=\"https:\/\/www.saaswedo.com\/wp-content\/uploads\/2023\/02\/label-rse-planet-tech-care_360x190.jpg 360w, https:\/\/www.saaswedo.com\/wp-content\/uploads\/2023\/02\/label-rse-planet-tech-care_360x190-300x158.jpg 300w\" sizes=\"auto, (max-width: 360px) 100vw, 360px\" \/><\/div><\/div>\t<\/div>\r\n\t<\/div>\r\n<\/div>\r\n[vc_column_text]<\/p>\n<p style=\"text-align: left;\">Pilot\u00e9e par Numeum, <strong>Planet Tech\u2019Care<\/strong> est la premi\u00e8re initiative rassemblant un r\u00e9seau de partenaires (organisations professionnelles, \u00e9coles, p\u00f4les de comp\u00e9titivit\u00e9, associations, fondations, think tanks), qui a pour ambition d\u2019accompagner les entreprises qui souhaitent int\u00e9grer le num\u00e9rique dans leur trajectoire environnementale et de soutenir les acteurs de la formation dans le d\u00e9veloppement des comp\u00e9tences en mati\u00e8re de num\u00e9rique responsable.<\/p>\n<p style=\"text-align: left;\"><a href=\"https:\/\/planet-techcare.green\/\" target=\"_blank\" rel=\"noopener\">&gt; D\u00e9couvrir Planet Tech&rsquo;Care<\/a><\/p>\n<p>[\/vc_column_text][\/vc_column][\/vc_row][vc_row][vc_column width=\u00a0\u00bb1\/2&Prime;][vc_column_text]<\/p>\n<h4>Nos chartes et politique Achats Responsables :<\/h4>\n<ul>\n<li><em><a href=\"https:\/\/www.saaswedo.com\/wp-content\/uploads\/2026\/01\/SAASWEDO-Politique-Achats-Responsables-FR-NEW.pdf\" target=\"_blank\" rel=\"noopener\">Politique Achats Responsables<\/a><\/em><\/li>\n<li><a href=\"https:\/\/www.saaswedo.com\/wp-content\/uploads\/2024\/04\/SAASWEDO-Procedure-Achat-maj-VF.pdf\" target=\"_blank\" rel=\"noopener\"><em>Proc\u00e9dure Achat<\/em><\/a><\/li>\n<li><em><a href=\"https:\/\/www.saaswedo.com\/wp-content\/uploads\/2023\/08\/SAASWEDO-Code-de-conduite-fournisseurs-FR-1.pdf\" target=\"_blank\" rel=\"noopener\">Code de conduite Fournisseurs<\/a><\/em><\/li>\n<li><a href=\"https:\/\/www.saaswedo.com\/wp-content\/uploads\/2025\/08\/SAASWEDO-RSE-FR.pdf\" target=\"_blank\" rel=\"noopener\"><em>Charte RSE<\/em><\/a><\/li>\n<li><em><a href=\"https:\/\/www.saaswedo.com\/wp-content\/uploads\/2025\/08\/SAASWEDO-Charte-ethique-FR.pdf\" target=\"_blank\" rel=\"noopener\">Charte Ethique<\/a><\/em><\/li>\n<li><a href=\"https:\/\/www.saaswedo.com\/wp-content\/uploads\/2025\/08\/SAASWEDO-ANTI-CORRUPTION-FR-.pdf\" target=\"_blank\" rel=\"noopener\"><em>Charte de politique anti-corruption<\/em><\/a><\/li>\n<li><em><a href=\"https:\/\/www.saaswedo.com\/wp-content\/uploads\/2026\/01\/Bilan-carbone-focus-saaswedo-FR-3.pdf\" target=\"_blank\" rel=\"noopener\">Bilan carbone 2023<\/a><\/em><\/li>\n<\/ul>\n<p>[\/vc_column_text][\/vc_column][vc_column width=\u00a0\u00bb1\/2&Prime;][vc_column_text]<\/p>\n<h4>Vos interlocuteurs fournisseurs :<\/h4>\n<p><strong>Correspondant PME\u00a0: Madame Pauline PISSELOUP<br \/>\n<\/strong>contact :<a href=\"mailto:pauline.pisseloup@saaswedo.com\" target=\"_blank\" rel=\"noopener\"> pauline.pisseloup@saaswedo.com<\/a><\/p>\n<p><strong>M\u00e9diateur interne\u00a0: Madame Virginie THIBAULT<br \/>\n<\/strong>contact :\u00a0<a href=\"mailto:virginie.thibault@saaswedo.com\" target=\"_blank\" rel=\"noopener\">virginie.thibault@saaswedo.com<\/a><\/p>\n<p>&gt; <a href=\"https:\/\/www.saaswedo.com\/wp-content\/uploads\/2023\/08\/Roles-du-correspondant-PME-.pdf\" target=\"_blank\" rel=\"noopener\"><em>D\u00e9couvrir en d\u00e9tail les r\u00f4les du m\u00e9diateur et du correspondant PME<\/em><\/a>[\/vc_column_text][\/vc_column][\/vc_row]<\/p>\n<\/section>","protected":false},"excerpt":{"rendered":"<p>[vc_row padding_top_multiplier=\u00a0\u00bb3x\u00a0\u00bb padding_bottom_multiplier=\u00a0\u00bb\u00a0\u00bb rc_bg_type=\u00a0\u00bbimage\u00a0\u00bb rc_bg_image=\u00a0\u00bb194&Prime; rc_bg_image_type=\u00a0\u00bbfixed\u00a0\u00bb columns_gap=\u00a0\u00bb60&Prime;][vc_column text_align=\u00a0\u00bbcenter\u00a0\u00bb animation=\u00a0\u00bbfade-in-up\u00a0\u00bb][\/vc_column][\/vc_row][vc_row padding_top_multiplier=\u00a0\u00bb2x\u00a0\u00bb columns_gap=\u00a0\u00bb60&Prime; equal_column_height=\u00a0\u00bbequal\u00a0\u00bb][vc_column width=\u00a0\u00bb1\/2&Prime; vertical_content_position=\u00a0\u00bbmiddle\u00a0\u00bb][vc_column_text]Et nous agissons concr\u00e8tement dans cette voie : Nous sommes signataires de la Charte \u00ab Relations fournisseurs et achats responsables \u00bb (RFAR), qui promeut des relations durables et \u00e9quilibr\u00e9es entre les entreprises et leurs fournisseurs. Par notre engagement fort au sein de [&hellip;]<\/p>\n","protected":false},"author":1,"featured_media":103,"parent":0,"menu_order":0,"comment_status":"closed","ping_status":"closed","template":"","meta":{"inline_featured_image":false,"footnotes":""},"class_list":["post-486","page","type-page","status-publish","has-post-thumbnail","hentry","grve-entry-item"],"yoast_head":"<!-- This site is optimized with the Yoast SEO plugin v27.2 - https:\/\/yoast.com\/product\/yoast-seo-wordpress\/ -->\n<title>Engagements RSE - Saaswedo<\/title>\n<meta name=\"description\" content=\"Saaswedo croit que le num\u00e9rique responsable doit devenir la premi\u00e8re pr\u00e9occupation des entreprises. D\u00e9couvrez nos diff\u00e9rents engagements RSE.\" \/>\n<meta name=\"robots\" content=\"index, follow, max-snippet:-1, max-image-preview:large, max-video-preview:-1\" \/>\n<link rel=\"canonical\" href=\"https:\/\/www.saaswedo.com\/fr\/engagements-rse\/\" \/>\n<meta property=\"og:locale\" content=\"fr_FR\" \/>\n<meta property=\"og:type\" content=\"article\" \/>\n<meta property=\"og:title\" content=\"Engagements RSE - Saaswedo - Performance durable de la Digital Workplace\" \/>\n<meta property=\"og:description\" content=\"Saaswedo est convaincu que le num\u00e9rique responsable doit devenir la premi\u00e8re pr\u00e9occupation des entreprises. D\u00e9couvrez nos diff\u00e9rents engagements RSE.\" \/>\n<meta property=\"og:url\" content=\"https:\/\/www.saaswedo.com\/fr\/engagements-rse\/\" \/>\n<meta property=\"og:site_name\" content=\"SAASWEDO - Sustainable Digital Workplace performance\" \/>\n<meta property=\"article:modified_time\" content=\"2026-01-15T10:47:38+00:00\" \/>\n<meta property=\"og:image\" content=\"https:\/\/www.saaswedo.com\/wp-content\/uploads\/2022\/11\/visuel-saaswedo_1024x768.jpg\" \/>\n\t<meta property=\"og:image:width\" content=\"1280\" \/>\n\t<meta property=\"og:image:height\" content=\"768\" \/>\n\t<meta property=\"og:image:type\" content=\"image\/jpeg\" \/>\n<meta name=\"twitter:card\" content=\"summary_large_image\" \/>\n<meta name=\"twitter:title\" content=\"Engagements RSE - Saaswedo - Performance durable de la Digital Workplace\" \/>\n<meta name=\"twitter:description\" content=\"Saaswedo est convaincu que le num\u00e9rique responsable doit devenir la premi\u00e8re pr\u00e9occupation des entreprises. D\u00e9couvrez nos diff\u00e9rents engagements RSE.\" \/>\n<meta name=\"twitter:label1\" content=\"Dur\u00e9e de lecture estim\u00e9e\" \/>\n\t<meta name=\"twitter:data1\" content=\"3 minutes\" \/>\n<script type=\"application\/ld+json\" class=\"yoast-schema-graph\">{\"@context\":\"https:\/\/schema.org\",\"@graph\":[{\"@type\":\"WebPage\",\"@id\":\"https:\/\/www.saaswedo.com\/fr\/engagements-rse\/\",\"url\":\"https:\/\/www.saaswedo.com\/fr\/engagements-rse\/\",\"name\":\"Engagements RSE - Saaswedo\",\"isPartOf\":{\"@id\":\"https:\/\/www.saaswedo.com\/fr\/#website\"},\"primaryImageOfPage\":{\"@id\":\"https:\/\/www.saaswedo.com\/fr\/engagements-rse\/#primaryimage\"},\"image\":{\"@id\":\"https:\/\/www.saaswedo.com\/fr\/engagements-rse\/#primaryimage\"},\"thumbnailUrl\":\"https:\/\/www.saaswedo.com\/wp-content\/uploads\/2022\/11\/visuel-saaswedo_1024x768.jpg\",\"datePublished\":\"2022-11-18T07:55:41+00:00\",\"dateModified\":\"2026-01-15T10:47:38+00:00\",\"description\":\"Saaswedo croit que le num\u00e9rique responsable doit devenir la premi\u00e8re pr\u00e9occupation des entreprises. D\u00e9couvrez nos diff\u00e9rents engagements RSE.\",\"breadcrumb\":{\"@id\":\"https:\/\/www.saaswedo.com\/fr\/engagements-rse\/#breadcrumb\"},\"inLanguage\":\"fr-FR\",\"potentialAction\":[{\"@type\":\"ReadAction\",\"target\":[\"https:\/\/www.saaswedo.com\/fr\/engagements-rse\/\"]}]},{\"@type\":\"ImageObject\",\"inLanguage\":\"fr-FR\",\"@id\":\"https:\/\/www.saaswedo.com\/fr\/engagements-rse\/#primaryimage\",\"url\":\"https:\/\/www.saaswedo.com\/wp-content\/uploads\/2022\/11\/visuel-saaswedo_1024x768.jpg\",\"contentUrl\":\"https:\/\/www.saaswedo.com\/wp-content\/uploads\/2022\/11\/visuel-saaswedo_1024x768.jpg\",\"width\":1280,\"height\":768,\"caption\":\"saas\"},{\"@type\":\"BreadcrumbList\",\"@id\":\"https:\/\/www.saaswedo.com\/fr\/engagements-rse\/#breadcrumb\",\"itemListElement\":[{\"@type\":\"ListItem\",\"position\":1,\"name\":\"Accueil\",\"item\":\"https:\/\/www.saaswedo.com\/fr\/\"},{\"@type\":\"ListItem\",\"position\":2,\"name\":\"Engagements RSE\"}]},{\"@type\":\"WebSite\",\"@id\":\"https:\/\/www.saaswedo.com\/fr\/#website\",\"url\":\"https:\/\/www.saaswedo.com\/fr\/\",\"name\":\"SAASWEDO - Sustainable Digital Workplace performance\",\"description\":\"Depuis plus de 15 ans, Saaswedo d\u00e9livre aux entreprises des offres qui permettent de maitriser leur politique IT et t\u00e9l\u00e9com, de simplifier la gestion de leurs actifs et d\u2019optimiser leurs co\u00fbts.\",\"publisher\":{\"@id\":\"https:\/\/www.saaswedo.com\/fr\/#organization\"},\"potentialAction\":[{\"@type\":\"SearchAction\",\"target\":{\"@type\":\"EntryPoint\",\"urlTemplate\":\"https:\/\/www.saaswedo.com\/fr\/?s={search_term_string}\"},\"query-input\":{\"@type\":\"PropertyValueSpecification\",\"valueRequired\":true,\"valueName\":\"search_term_string\"}}],\"inLanguage\":\"fr-FR\"},{\"@type\":\"Organization\",\"@id\":\"https:\/\/www.saaswedo.com\/fr\/#organization\",\"name\":\"SAASWEDO\",\"url\":\"https:\/\/www.saaswedo.com\/fr\/\",\"logo\":{\"@type\":\"ImageObject\",\"inLanguage\":\"fr-FR\",\"@id\":\"https:\/\/www.saaswedo.com\/fr\/#\/schema\/logo\/image\/\",\"url\":\"https:\/\/www.saaswedo.com\/wp-content\/uploads\/2022\/11\/cropped-saaswedo-profil_512-1.png\",\"contentUrl\":\"https:\/\/www.saaswedo.com\/wp-content\/uploads\/2022\/11\/cropped-saaswedo-profil_512-1.png\",\"width\":512,\"height\":512,\"caption\":\"SAASWEDO\"},\"image\":{\"@id\":\"https:\/\/www.saaswedo.com\/fr\/#\/schema\/logo\/image\/\"},\"sameAs\":[\"https:\/\/www.linkedin.com\/company\/saaswedo\/?originalSubdomain=fr\"]}]}<\/script>\n<!-- \/ Yoast SEO plugin. -->","yoast_head_json":{"title":"Engagements RSE - Saaswedo","description":"Saaswedo croit que le num\u00e9rique responsable doit devenir la premi\u00e8re pr\u00e9occupation des entreprises. D\u00e9couvrez nos diff\u00e9rents engagements RSE.","robots":{"index":"index","follow":"follow","max-snippet":"max-snippet:-1","max-image-preview":"max-image-preview:large","max-video-preview":"max-video-preview:-1"},"canonical":"https:\/\/www.saaswedo.com\/fr\/engagements-rse\/","og_locale":"fr_FR","og_type":"article","og_title":"Engagements RSE - Saaswedo - Performance durable de la Digital Workplace","og_description":"Saaswedo est convaincu que le num\u00e9rique responsable doit devenir la premi\u00e8re pr\u00e9occupation des entreprises. D\u00e9couvrez nos diff\u00e9rents engagements RSE.","og_url":"https:\/\/www.saaswedo.com\/fr\/engagements-rse\/","og_site_name":"SAASWEDO - Sustainable Digital Workplace performance","article_modified_time":"2026-01-15T10:47:38+00:00","og_image":[{"width":1280,"height":768,"url":"https:\/\/www.saaswedo.com\/wp-content\/uploads\/2022\/11\/visuel-saaswedo_1024x768.jpg","type":"image\/jpeg"}],"twitter_card":"summary_large_image","twitter_title":"Engagements RSE - Saaswedo - Performance durable de la Digital Workplace","twitter_description":"Saaswedo est convaincu que le num\u00e9rique responsable doit devenir la premi\u00e8re pr\u00e9occupation des entreprises. D\u00e9couvrez nos diff\u00e9rents engagements RSE.","twitter_misc":{"Dur\u00e9e de lecture estim\u00e9e":"3 minutes"},"schema":{"@context":"https:\/\/schema.org","@graph":[{"@type":"WebPage","@id":"https:\/\/www.saaswedo.com\/fr\/engagements-rse\/","url":"https:\/\/www.saaswedo.com\/fr\/engagements-rse\/","name":"Engagements RSE - Saaswedo","isPartOf":{"@id":"https:\/\/www.saaswedo.com\/fr\/#website"},"primaryImageOfPage":{"@id":"https:\/\/www.saaswedo.com\/fr\/engagements-rse\/#primaryimage"},"image":{"@id":"https:\/\/www.saaswedo.com\/fr\/engagements-rse\/#primaryimage"},"thumbnailUrl":"https:\/\/www.saaswedo.com\/wp-content\/uploads\/2022\/11\/visuel-saaswedo_1024x768.jpg","datePublished":"2022-11-18T07:55:41+00:00","dateModified":"2026-01-15T10:47:38+00:00","description":"Saaswedo croit que le num\u00e9rique responsable doit devenir la premi\u00e8re pr\u00e9occupation des entreprises. D\u00e9couvrez nos diff\u00e9rents engagements RSE.","breadcrumb":{"@id":"https:\/\/www.saaswedo.com\/fr\/engagements-rse\/#breadcrumb"},"inLanguage":"fr-FR","potentialAction":[{"@type":"ReadAction","target":["https:\/\/www.saaswedo.com\/fr\/engagements-rse\/"]}]},{"@type":"ImageObject","inLanguage":"fr-FR","@id":"https:\/\/www.saaswedo.com\/fr\/engagements-rse\/#primaryimage","url":"https:\/\/www.saaswedo.com\/wp-content\/uploads\/2022\/11\/visuel-saaswedo_1024x768.jpg","contentUrl":"https:\/\/www.saaswedo.com\/wp-content\/uploads\/2022\/11\/visuel-saaswedo_1024x768.jpg","width":1280,"height":768,"caption":"saas"},{"@type":"BreadcrumbList","@id":"https:\/\/www.saaswedo.com\/fr\/engagements-rse\/#breadcrumb","itemListElement":[{"@type":"ListItem","position":1,"name":"Accueil","item":"https:\/\/www.saaswedo.com\/fr\/"},{"@type":"ListItem","position":2,"name":"Engagements RSE"}]},{"@type":"WebSite","@id":"https:\/\/www.saaswedo.com\/fr\/#website","url":"https:\/\/www.saaswedo.com\/fr\/","name":"SAASWEDO - Sustainable Digital Workplace performance","description":"Depuis plus de 15 ans, Saaswedo d\u00e9livre aux entreprises des offres qui permettent de maitriser leur politique IT et t\u00e9l\u00e9com, de simplifier la gestion de leurs actifs et d\u2019optimiser leurs co\u00fbts.","publisher":{"@id":"https:\/\/www.saaswedo.com\/fr\/#organization"},"potentialAction":[{"@type":"SearchAction","target":{"@type":"EntryPoint","urlTemplate":"https:\/\/www.saaswedo.com\/fr\/?s={search_term_string}"},"query-input":{"@type":"PropertyValueSpecification","valueRequired":true,"valueName":"search_term_string"}}],"inLanguage":"fr-FR"},{"@type":"Organization","@id":"https:\/\/www.saaswedo.com\/fr\/#organization","name":"SAASWEDO","url":"https:\/\/www.saaswedo.com\/fr\/","logo":{"@type":"ImageObject","inLanguage":"fr-FR","@id":"https:\/\/www.saaswedo.com\/fr\/#\/schema\/logo\/image\/","url":"https:\/\/www.saaswedo.com\/wp-content\/uploads\/2022\/11\/cropped-saaswedo-profil_512-1.png","contentUrl":"https:\/\/www.saaswedo.com\/wp-content\/uploads\/2022\/11\/cropped-saaswedo-profil_512-1.png","width":512,"height":512,"caption":"SAASWEDO"},"image":{"@id":"https:\/\/www.saaswedo.com\/fr\/#\/schema\/logo\/image\/"},"sameAs":["https:\/\/www.linkedin.com\/company\/saaswedo\/?originalSubdomain=fr"]}]}},"_links":{"self":[{"href":"https:\/\/www.saaswedo.com\/fr\/wp-json\/wp\/v2\/pages\/486","targetHints":{"allow":["GET"]}}],"collection":[{"href":"https:\/\/www.saaswedo.com\/fr\/wp-json\/wp\/v2\/pages"}],"about":[{"href":"https:\/\/www.saaswedo.com\/fr\/wp-json\/wp\/v2\/types\/page"}],"author":[{"embeddable":true,"href":"https:\/\/www.saaswedo.com\/fr\/wp-json\/wp\/v2\/users\/1"}],"replies":[{"embeddable":true,"href":"https:\/\/www.saaswedo.com\/fr\/wp-json\/wp\/v2\/comments?post=486"}],"version-history":[{"count":86,"href":"https:\/\/www.saaswedo.com\/fr\/wp-json\/wp\/v2\/pages\/486\/revisions"}],"predecessor-version":[{"id":6527,"href":"https:\/\/www.saaswedo.com\/fr\/wp-json\/wp\/v2\/pages\/486\/revisions\/6527"}],"wp:featuredmedia":[{"embeddable":true,"href":"https:\/\/www.saaswedo.com\/fr\/wp-json\/wp\/v2\/media\/103"}],"wp:attachment":[{"href":"https:\/\/www.saaswedo.com\/fr\/wp-json\/wp\/v2\/media?parent=486"}],"curies":[{"name":"wp","href":"https:\/\/api.w.org\/{rel}","templated":true}]}}