{"id":880,"date":"2023-02-01T10:41:05","date_gmt":"2023-02-01T09:41:05","guid":{"rendered":"https:\/\/www.saaswedo.com\/?page_id=880"},"modified":"2023-06-22T16:42:47","modified_gmt":"2023-06-22T14:42:47","slug":"logiciel-api","status":"publish","type":"page","link":"https:\/\/www.saaswedo.com\/fr\/logiciel-api\/","title":{"rendered":"Logiciel &#8211; API"},"content":{"rendered":"<section class=\"wpb-content-wrapper\"><p>[vc_row padding_top_multiplier=\u00a0\u00bb3x\u00a0\u00bb padding_bottom_multiplier=\u00a0\u00bb2x\u00a0\u00bb columns_gap=\u00a0\u00bbnone\u00a0\u00bb][vc_column text_align=\u00a0\u00bbcenter\u00a0\u00bb animation=\u00a0\u00bbfade-in-up\u00a0\u00bb]<div class=\"grve-empty-space grve-height-2x\"><\/div><h1 class=\"grve-element grve-title grve-align-center grve-h1\" style=\"margin-bottom: 40px;\"><span>API<\/span><\/h1><h2 class=\"grve-element grve-title grve-align-center grve-h5 grve-custom-font-2\"><span>Une plateforme ouverte pour s\u2019interfacer avec des SI externes.<\/span><\/h2><div class=\"grve-empty-space grve-height-1x\"><\/div>[\/vc_column][\/vc_row][vc_row padding_top_multiplier=\u00a0\u00bb2x\u00a0\u00bb padding_bottom_multiplier=\u00a0\u00bb3x\u00a0\u00bb columns_gap=\u00a0\u00bb60&Prime;][vc_column width=\u00a0\u00bb1\/2&Prime; vertical_content_position=\u00a0\u00bbmiddle\u00a0\u00bb animation=\u00a0\u00bbfade-in-up\u00a0\u00bb animation_delay=\u00a0\u00bb200&Prime; mobile_column_order=\u00a0\u00bb2&Prime;]<h2 class=\"grve-element grve-title grve-align-inherit grve-h4 grve-custom-font-2\"><span>Disposez d&rsquo;une CMDB IT centralis\u00e9e :<\/span><\/h2>[vc_column_text animation_delay=\u00a0\u00bb200&Prime; el_class=\u00a0\u00bblist-perso\u00a0\u00bb]<\/p>\n<ul>\n<li>Toutes les donn\u00e9es IT dans un seul outil<\/li>\n<li>Interfa\u00e7age par APIs publiques ou sp\u00e9cifiques<\/li>\n<li>Exports automatiques<\/li>\n<li>Flux d&rsquo;import de donn\u00e9es<\/li>\n<\/ul>\n<p>Pour cela, nous avons mis en place des APIs pour dialoguer avec les SI des op\u00e9rateurs qui les proposent.<\/p>\n<p>Nous avons \u00e9galement d\u00e9velopp\u00e9 des APIs publiques pour la commande et la gestion de parc. Elles sont mises \u00e0 disposition des fournisseurs qui doivent s\u2019interfacer en suivant les protocoles et processus d\u00e9finis et document\u00e9s par Saaswedo.[\/vc_column_text][\/vc_column][vc_column width=\u00a0\u00bb1\/2&Prime; vertical_content_position=\u00a0\u00bbmiddle\u00a0\u00bb animation_delay=\u00a0\u00bb400&Prime; mobile_column_order=\u00a0\u00bb1&Prime;]<div data-animation=\"clipping-left\" data-delay=\"400\" data-duration=\"normal\" class=\"grve-element grve-image grve-align-center grve-clipping-animation grve-advanced-animation grve-animated-item grve-image-space-100 grve-image-expand-width grve-light-gallery\">\r\n\t<div class=\"grve-image-item\">\r\n\t\t\r\n\r\n<div class=\"grve-image-wrapper grve-radius-5 grve-shadow-small grve-no-effect\">\r\n\t\t<a class=\"grve-item-url\" href=\"https:\/\/www.saaswedo.com\/wp-content\/uploads\/2023\/01\/gestion-process.png\"><\/a>\t\t<div class=\"grve-thumbnail-wrapper\"><div class=\"grve-thumbnail\"  style=\"padding-top: 57.344%;\"><img loading=\"lazy\" decoding=\"async\" width=\"1280\" height=\"734\" src=\"https:\/\/www.saaswedo.com\/wp-content\/uploads\/2023\/01\/gestion-process.png\" class=\"attachment-full size-full\" alt=\"\" data-column-space=\"100\" data-lazyload=\"\" data-grve-filter=\"yes\" srcset=\"https:\/\/www.saaswedo.com\/wp-content\/uploads\/2023\/01\/gestion-process.png 1280w, https:\/\/www.saaswedo.com\/wp-content\/uploads\/2023\/01\/gestion-process-300x172.png 300w, https:\/\/www.saaswedo.com\/wp-content\/uploads\/2023\/01\/gestion-process-1024x587.png 1024w, https:\/\/www.saaswedo.com\/wp-content\/uploads\/2023\/01\/gestion-process-768x440.png 768w\" sizes=\"auto, (max-width: 1280px) 100vw, 1280px\" \/><\/div><\/div>\t<\/div>\r\n\t<\/div>\r\n<\/div>\r\n[\/vc_column][\/vc_row][vc_row padding_top_multiplier=\u00a0\u00bb2x\u00a0\u00bb columns_gap=\u00a0\u00bb60&Prime;][vc_column vertical_content_position=\u00a0\u00bbmiddle\u00a0\u00bb animation=\u00a0\u00bbfade-in-up\u00a0\u00bb animation_delay=\u00a0\u00bb200&Prime; mobile_column_order=\u00a0\u00bb2&Prime;][vc_column_text]Nos APIs sont en attente de sollicitations de la part de SI externes qui doivent collecter ou mettre \u00e0 jour des informations gr\u00e2ce aux end-points propos\u00e9s :[\/vc_column_text][\/vc_column][\/vc_row][vc_row padding_top_multiplier=\u00a0\u00bb\u00a0\u00bb columns_gap=\u00a0\u00bb60&Prime;][vc_column width=\u00a0\u00bb1\/2&Prime; animation=\u00a0\u00bbfade-in-up\u00a0\u00bb animation_delay=\u00a0\u00bb200&Prime; mobile_column_order=\u00a0\u00bb2&Prime;][vc_column_text]<\/p>\n<ul>\n<li>V\u00e9rifier la disponibilit\u00e9 de l\u2019API<\/li>\n<li>Consulter le p\u00e9rim\u00e8tre de l\u2019utilisateur<\/li>\n<li>Consulter la liste des commandes<\/li>\n<li>Consulter le d\u00e9tail d\u2019une sous-commande<\/li>\n<li>Mettre \u00e0 jour les r\u00e9f\u00e9rences d\u2019une sous-commande<\/li>\n<li>Consulter la liste des actions autoris\u00e9es pour une sous-commande<\/li>\n<li>Mettre \u00e0 jour le statut d\u2019une sous-commande<\/li>\n<li>Mettre \u00e0 jour le num\u00e9ro de suivi d\u2019une commande (lien tracking)<\/li>\n<li>Consulter la fiche d\u00e9taill\u00e9e d&rsquo;un collaborateur<\/li>\n<li>Consulter la fiche d\u00e9taill\u00e9e d&rsquo;un \u00e9quipement<\/li>\n<li>Consulter la fiche d\u00e9taill\u00e9e d&rsquo;une carte SIM ou SAM<\/li>\n<li>Consulter la fiche d\u00e9taill\u00e9e d&rsquo;une ligne t\u00e9l\u00e9phonique<\/li>\n<li>Mettre \u00e0 jour la section \u00ab\u00a0Informations\u00a0\u00bb de la fiche d\u00e9taill\u00e9e du collaborateur<\/li>\n<li>Consulter la liste des groupes de gestion<\/li>\n<li>Consulter la liste des sites physiques<\/li>\n<li>Mettre \u00e0 jour le site physique et l\u2019emplacement associ\u00e9s \u00e0 un collaborateur<\/li>\n<li>Mettre \u00e0 jour le responsable hi\u00e9rarchique associ\u00e9 \u00e0 un collaborateur<\/li>\n<li>Consulter la liste des organisations<\/li>\n<li>Consulter la liste des branches d\u2019une organisation<\/li>\n<\/ul>\n<p>[\/vc_column_text][\/vc_column][vc_column width=\u00a0\u00bb1\/2&Prime; animation=\u00a0\u00bbfade-in-up\u00a0\u00bb animation_delay=\u00a0\u00bb400&Prime; mobile_column_order=\u00a0\u00bb1&Prime;][vc_column_text]<\/p>\n<ul>\n<li>Mettre \u00e0 jour l\u2019organisation et la branche associ\u00e9es \u00e0 un collaborateur<\/li>\n<li>Mettre \u00e0 jour les champs personnalis\u00e9s associ\u00e9s \u00e0 un collaborateur<\/li>\n<li>Consulter la liste des fournisseurs<\/li>\n<li>Consulter la liste des comptes et sous-comptes de facturation d\u2019un fournisseur<\/li>\n<li>Ajouter et associer une licence \u00e0 un collaborateur<\/li>\n<li>Mettre \u00e0 jour la section \u00ab\u00a0Informations\u00a0\u00bb de la fiche d\u00e9taill\u00e9e de l\u2019\u00e9quipement<\/li>\n<li>Mettre \u00e0 jour le site physique et l\u2019emplacement associ\u00e9s \u00e0 un \u00e9quipement<\/li>\n<li>Consulter la liste des distributeurs<\/li>\n<li>Consulter la liste des \u00e9quipements d\u2019un distributeur<\/li>\n<li>Mettre \u00e0 jour la marque et le mod\u00e8le d\u2019un \u00e9quipement<\/li>\n<li>Mettre \u00e0 jour le contrat de service associ\u00e9 \u00e0 un \u00e9quipement<\/li>\n<li>Mettre \u00e0 jour l\u2019accessoire associ\u00e9 \u00e0 un \u00e9quipement<\/li>\n<li>Ajouter et associer une licence \u00e0 un \u00e9quipement<\/li>\n<li>Mettre \u00e0 jour les champs personnalis\u00e9s associ\u00e9s \u00e0 un \u00e9quipement<\/li>\n<li>Mettre au rebut un \u00e9quipement<\/li>\n<\/ul>\n<p>[\/vc_column_text][\/vc_column][\/vc_row][vc_row padding_top_multiplier=\u00a0\u00bb\u00a0\u00bb padding_bottom_multiplier=\u00a0\u00bb4x\u00a0\u00bb columns_gap=\u00a0\u00bb60&Prime;][vc_column animation=\u00a0\u00bbfade-in-up\u00a0\u00bb animation_delay=\u00a0\u00bb200&Prime; mobile_column_order=\u00a0\u00bb2&Prime;][vc_column_text]Ces end-points permettent \u00e0 un fournisseur de s\u2019interfacer et d\u2019interagir avec mytem360, dans tous les domaines d\u2019intervention de traitement d\u2019une commande ou de gestion du parc.[\/vc_column_text][\/vc_column][\/vc_row][vc_row padding_top_multiplier=\u00a0\u00bb3x\u00a0\u00bb padding_bottom_multiplier=\u00a0\u00bb\u00a0\u00bb rc_bg_type=\u00a0\u00bbgradient\u00a0\u00bb rc_bg_gradient_color_1=\u00a0\u00bbrgba(255,255,255,0.01)\u00a0\u00bb rc_bg_gradient_color_2=\u00a0\u00bb#ffffff\u00a0\u00bb rc_bg_gradient_direction=\u00a0\u00bb180&Prime;][vc_column text_align=\u00a0\u00bbcenter\u00a0\u00bb animation=\u00a0\u00bbfade-in-up\u00a0\u00bb]<h2 class=\"grve-element grve-title grve-align-inherit grve-h4 grve-custom-font-2\"><span>Besoin de renseignements ?<\/span><\/h2><h3 class=\"grve-element grve-title grve-align-center grve-subtitle-text\" style=\"margin-bottom: 10px;\"><span>Nos \u00e9quipes se tiennent \u00e0 votre disposition pour r\u00e9pondre \u00e0 vos questions<\/span><\/h3><div class=\"grve-empty-space grve-height-1x\"><\/div><div class=\"grve-element grve-divider\"><div class=\"grve-vertical-divider grve-align-inherit grve-height-2x grve-line-anim-top-bottom\" style=\"width: 1px;\"><span class=\"grve-bg-primary-1\"><\/span><\/div><\/div><div class=\"grve-empty-space grve-height-1x\"><\/div>[\/vc_column][\/vc_row][vc_row padding_top_multiplier=\u00a0\u00bb\u00a0\u00bb padding_bottom_multiplier=\u00a0\u00bb4x\u00a0\u00bb rc_bg_type=\u00a0\u00bbcolor\u00a0\u00bb rc_bg_color=\u00a0\u00bb#ffffff\u00a0\u00bb][vc_column width=\u00a0\u00bb1\/6&Prime;][\/vc_column][vc_column width=\u00a0\u00bb2\/3&Prime;]<div class=\"grve-element grve-contact-form grve-form-btn-simple grve-form-btn-square grve-form-btn-bg-primary-1 grve-form-btn-bg-hover-black grve-form-btn-medium grve-form-input-border-type-solid grve-form-input-border-grey grve-form-input-text-black grve-form-input-placeholder-black grve-form-input-bg-light-grey\">\n<div class=\"wpcf7 no-js\" id=\"wpcf7-f630-o1\" lang=\"fr-FR\" dir=\"ltr\" data-wpcf7-id=\"630\">\n<div class=\"screen-reader-response\"><p role=\"status\" aria-live=\"polite\" aria-atomic=\"true\"><\/p> <ul><\/ul><\/div>\n<form action=\"\/fr\/wp-json\/wp\/v2\/pages\/880#wpcf7-f630-o1\" method=\"post\" class=\"wpcf7-form init\" aria-label=\"Formulaire de contact\" novalidate=\"novalidate\" data-status=\"init\">\n<fieldset class=\"hidden-fields-container\"><input type=\"hidden\" name=\"_wpcf7\" value=\"630\" \/><input type=\"hidden\" name=\"_wpcf7_version\" value=\"6.1.5\" \/><input type=\"hidden\" name=\"_wpcf7_locale\" value=\"fr_FR\" \/><input type=\"hidden\" name=\"_wpcf7_unit_tag\" value=\"wpcf7-f630-o1\" \/><input type=\"hidden\" name=\"_wpcf7_container_post\" value=\"0\" \/><input type=\"hidden\" name=\"_wpcf7_posted_data_hash\" value=\"\" \/><input type=\"hidden\" name=\"_wpcf7_recaptcha_response\" value=\"\" \/>\n<\/fieldset>\n<div class=\"grve-form grve-fields-grey-bg grve-fields-round\">\n<div class=\"grve-fields-wrapper\">\n<div class=\"grve-one-half\"><span class=\"wpcf7-form-control-wrap\" data-name=\"your-name\"><input size=\"40\" maxlength=\"400\" class=\"wpcf7-form-control wpcf7-text wpcf7-validates-as-required\" autocomplete=\"off\" aria-required=\"true\" aria-invalid=\"false\" placeholder=\"Nom *\" value=\"\" type=\"text\" name=\"your-name\" \/><\/span><\/div>\n<div class=\"grve-one-half grve-last-column\"><span class=\"wpcf7-form-control-wrap\" data-name=\"your-email\"><input size=\"40\" maxlength=\"400\" class=\"wpcf7-form-control wpcf7-email wpcf7-validates-as-required wpcf7-text wpcf7-validates-as-email\" autocomplete=\"off\" aria-required=\"true\" aria-invalid=\"false\" placeholder=\"Email *\" value=\"\" type=\"email\" name=\"your-email\" \/><\/span><\/div>\n<div class=\"grve-one-half\"><span class=\"wpcf7-form-control-wrap\" data-name=\"your-subject\"><input size=\"40\" maxlength=\"400\" class=\"wpcf7-form-control wpcf7-text wpcf7-validates-as-required\" autocomplete=\"off\" aria-required=\"true\" aria-invalid=\"false\" placeholder=\"Objet *\" value=\"\" type=\"text\" name=\"your-subject\" \/><\/span><\/div>\n<div class=\"grve-one-half grve-last-column\"><span class=\"wpcf7-form-control-wrap\" data-name=\"your-phone\"><input size=\"40\" maxlength=\"400\" class=\"wpcf7-form-control wpcf7-text\" aria-invalid=\"false\" placeholder=\"T\u00e9l\u00e9phone\" value=\"\" type=\"text\" name=\"your-phone\" \/><\/span><\/div>\n<div><span class=\"wpcf7-form-control-wrap\" data-name=\"your-message\"><textarea cols=\"40\" rows=\"10\" maxlength=\"2000\" class=\"wpcf7-form-control wpcf7-textarea wpcf7-validates-as-required\" aria-required=\"true\" aria-invalid=\"false\" placeholder=\"Message *\" name=\"your-message\"><\/textarea><\/span><\/div>\n<div>Choix du destinataire : <span class=\"wpcf7-form-control-wrap\" data-name=\"destinataire\"><select class=\"wpcf7-form-control wpcf7-select wpcf7-validates-as-required\" aria-required=\"true\" aria-invalid=\"false\" name=\"destinataire\"><option value=\"USA\">USA<\/option><option value=\"Europe\">Europe<\/option><\/select><\/span><\/div>\n<div><span id=\"wpcf7-69f020815d9fa-wrapper\" class=\"wpcf7-form-control-wrap City-wrap\" style=\"display:none !important; visibility:hidden !important;\"><input type=\"hidden\" name=\"City-time-start\" value=\"1777344641\"><input type=\"hidden\" name=\"City-time-check\" value=\"4\"><label for=\"wpcf7-69f020815d9fa-field\" class=\"hp-message\">Veuillez laisser ce champ vide.<\/label><input id=\"wpcf7-69f020815d9fa-field\"  class=\"wpcf7-form-control wpcf7-text\" type=\"text\" name=\"City\" value=\"\" size=\"40\" tabindex=\"-1\" autocomplete=\"new-password\" \/><\/span><\/div>\n<div><input class=\"wpcf7-form-control wpcf7-submit has-spinner grve-fluid-button\" type=\"submit\" value=\"Envoyer votre message\" \/><\/div>\n<\/div>\n<\/div><div class=\"wpcf7-response-output\" aria-hidden=\"true\"><\/div>\n<\/form>\n<\/div>\n<\/div>[\/vc_column][vc_column width=\u00a0\u00bb1\/6&Prime;][\/vc_column][\/vc_row]<\/p>\n<\/section>","protected":false},"excerpt":{"rendered":"<p>[vc_row padding_top_multiplier=\u00a0\u00bb3x\u00a0\u00bb padding_bottom_multiplier=\u00a0\u00bb2x\u00a0\u00bb columns_gap=\u00a0\u00bbnone\u00a0\u00bb][vc_column text_align=\u00a0\u00bbcenter\u00a0\u00bb animation=\u00a0\u00bbfade-in-up\u00a0\u00bb][\/vc_column][\/vc_row][vc_row padding_top_multiplier=\u00a0\u00bb2x\u00a0\u00bb padding_bottom_multiplier=\u00a0\u00bb3x\u00a0\u00bb columns_gap=\u00a0\u00bb60&Prime;][vc_column width=\u00a0\u00bb1\/2&Prime; vertical_content_position=\u00a0\u00bbmiddle\u00a0\u00bb animation=\u00a0\u00bbfade-in-up\u00a0\u00bb animation_delay=\u00a0\u00bb200&Prime; mobile_column_order=\u00a0\u00bb2&Prime;][vc_column_text animation_delay=\u00a0\u00bb200&Prime; el_class=\u00a0\u00bblist-perso\u00a0\u00bb] Toutes les donn\u00e9es IT dans un seul outil Interfa\u00e7age par APIs publiques ou sp\u00e9cifiques Exports automatiques Flux d&rsquo;import de donn\u00e9es Pour cela, nous avons mis en place des APIs pour dialoguer avec les SI des op\u00e9rateurs qui les proposent. [&hellip;]<\/p>\n","protected":false},"author":1,"featured_media":103,"parent":0,"menu_order":0,"comment_status":"closed","ping_status":"closed","template":"","meta":{"inline_featured_image":false,"footnotes":""},"class_list":["post-880","page","type-page","status-publish","has-post-thumbnail","hentry","grve-entry-item"],"yoast_head":"<!-- This site is optimized with the Yoast SEO plugin v27.2 - https:\/\/yoast.com\/product\/yoast-seo-wordpress\/ -->\n<title>Logiciel - API - Saaswedo, Pilotage de la Digital Workplace<\/title>\n<meta name=\"description\" content=\"Notre API est une plateforme ouverte qui s&#039;interface avec des SI externes. Disposez d&#039;une CMDB IT centralis\u00e9e qui permet \u00e0 un fournisseur de s&#039;interfacer et d&#039;int\u00e9ragir avec mytem360.\" \/>\n<meta name=\"robots\" content=\"index, follow, max-snippet:-1, max-image-preview:large, max-video-preview:-1\" \/>\n<link rel=\"canonical\" href=\"https:\/\/www.saaswedo.com\/fr\/logiciel-api\/\" \/>\n<meta property=\"og:locale\" content=\"fr_FR\" \/>\n<meta property=\"og:type\" content=\"article\" \/>\n<meta property=\"og:title\" content=\"Logiciel - API - Saaswedo, Pilotage de la Digital Workplace\" \/>\n<meta property=\"og:description\" content=\"Notre API est une plateforme ouverte qui s&#039;interface avec des SI externes. Disposez d&#039;une CMDB IT centralis\u00e9e qui permet \u00e0 un fournisseur de s&#039;interfacer et d&#039;int\u00e9ragir avec mytem360.\" \/>\n<meta property=\"og:url\" content=\"https:\/\/www.saaswedo.com\/fr\/logiciel-api\/\" \/>\n<meta property=\"og:site_name\" content=\"SAASWEDO - Sustainable Digital Workplace performance\" \/>\n<meta property=\"article:modified_time\" content=\"2023-06-22T14:42:47+00:00\" \/>\n<meta property=\"og:image\" content=\"https:\/\/www.saaswedo.com\/wp-content\/uploads\/2022\/11\/visuel-saaswedo_1024x768.jpg\" \/>\n\t<meta property=\"og:image:width\" content=\"1280\" \/>\n\t<meta property=\"og:image:height\" content=\"768\" \/>\n\t<meta property=\"og:image:type\" content=\"image\/jpeg\" \/>\n<meta name=\"twitter:card\" content=\"summary_large_image\" \/>\n<meta name=\"twitter:title\" content=\"Logiciel - API - Saaswedo, Pilotage de la Digital Workplace\" \/>\n<meta name=\"twitter:description\" content=\"Notre API est une plateforme ouverte qui s&#039;interface avec des SI externes. Disposez d&#039;une CMDB IT centralis\u00e9e qui permet \u00e0 un fournisseur de s&#039;interfacer et d&#039;int\u00e9ragir avec mytem360.\" \/>\n<meta name=\"twitter:label1\" content=\"Dur\u00e9e de lecture estim\u00e9e\" \/>\n\t<meta name=\"twitter:data1\" content=\"4 minutes\" \/>\n<script type=\"application\/ld+json\" class=\"yoast-schema-graph\">{\"@context\":\"https:\/\/schema.org\",\"@graph\":[{\"@type\":\"WebPage\",\"@id\":\"https:\/\/www.saaswedo.com\/fr\/logiciel-api\/\",\"url\":\"https:\/\/www.saaswedo.com\/fr\/logiciel-api\/\",\"name\":\"Logiciel - API - Saaswedo, Pilotage de la Digital Workplace\",\"isPartOf\":{\"@id\":\"https:\/\/www.saaswedo.com\/fr\/#website\"},\"primaryImageOfPage\":{\"@id\":\"https:\/\/www.saaswedo.com\/fr\/logiciel-api\/#primaryimage\"},\"image\":{\"@id\":\"https:\/\/www.saaswedo.com\/fr\/logiciel-api\/#primaryimage\"},\"thumbnailUrl\":\"https:\/\/www.saaswedo.com\/wp-content\/uploads\/2022\/11\/visuel-saaswedo_1024x768.jpg\",\"datePublished\":\"2023-02-01T09:41:05+00:00\",\"dateModified\":\"2023-06-22T14:42:47+00:00\",\"description\":\"Notre API est une plateforme ouverte qui s'interface avec des SI externes. Disposez d'une CMDB IT centralis\u00e9e qui permet \u00e0 un fournisseur de s'interfacer et d'int\u00e9ragir avec mytem360.\",\"breadcrumb\":{\"@id\":\"https:\/\/www.saaswedo.com\/fr\/logiciel-api\/#breadcrumb\"},\"inLanguage\":\"fr-FR\",\"potentialAction\":[{\"@type\":\"ReadAction\",\"target\":[\"https:\/\/www.saaswedo.com\/fr\/logiciel-api\/\"]}]},{\"@type\":\"ImageObject\",\"inLanguage\":\"fr-FR\",\"@id\":\"https:\/\/www.saaswedo.com\/fr\/logiciel-api\/#primaryimage\",\"url\":\"https:\/\/www.saaswedo.com\/wp-content\/uploads\/2022\/11\/visuel-saaswedo_1024x768.jpg\",\"contentUrl\":\"https:\/\/www.saaswedo.com\/wp-content\/uploads\/2022\/11\/visuel-saaswedo_1024x768.jpg\",\"width\":1280,\"height\":768,\"caption\":\"saas\"},{\"@type\":\"BreadcrumbList\",\"@id\":\"https:\/\/www.saaswedo.com\/fr\/logiciel-api\/#breadcrumb\",\"itemListElement\":[{\"@type\":\"ListItem\",\"position\":1,\"name\":\"Accueil\",\"item\":\"https:\/\/www.saaswedo.com\/fr\/\"},{\"@type\":\"ListItem\",\"position\":2,\"name\":\"Logiciel &#8211; API\"}]},{\"@type\":\"WebSite\",\"@id\":\"https:\/\/www.saaswedo.com\/fr\/#website\",\"url\":\"https:\/\/www.saaswedo.com\/fr\/\",\"name\":\"SAASWEDO - Sustainable Digital Workplace performance\",\"description\":\"Depuis plus de 15 ans, Saaswedo d\u00e9livre aux entreprises des offres qui permettent de maitriser leur politique IT et t\u00e9l\u00e9com, de simplifier la gestion de leurs actifs et d\u2019optimiser leurs co\u00fbts.\",\"publisher\":{\"@id\":\"https:\/\/www.saaswedo.com\/fr\/#organization\"},\"potentialAction\":[{\"@type\":\"SearchAction\",\"target\":{\"@type\":\"EntryPoint\",\"urlTemplate\":\"https:\/\/www.saaswedo.com\/fr\/?s={search_term_string}\"},\"query-input\":{\"@type\":\"PropertyValueSpecification\",\"valueRequired\":true,\"valueName\":\"search_term_string\"}}],\"inLanguage\":\"fr-FR\"},{\"@type\":\"Organization\",\"@id\":\"https:\/\/www.saaswedo.com\/fr\/#organization\",\"name\":\"SAASWEDO\",\"url\":\"https:\/\/www.saaswedo.com\/fr\/\",\"logo\":{\"@type\":\"ImageObject\",\"inLanguage\":\"fr-FR\",\"@id\":\"https:\/\/www.saaswedo.com\/fr\/#\/schema\/logo\/image\/\",\"url\":\"https:\/\/www.saaswedo.com\/wp-content\/uploads\/2022\/11\/cropped-saaswedo-profil_512-1.png\",\"contentUrl\":\"https:\/\/www.saaswedo.com\/wp-content\/uploads\/2022\/11\/cropped-saaswedo-profil_512-1.png\",\"width\":512,\"height\":512,\"caption\":\"SAASWEDO\"},\"image\":{\"@id\":\"https:\/\/www.saaswedo.com\/fr\/#\/schema\/logo\/image\/\"},\"sameAs\":[\"https:\/\/www.linkedin.com\/company\/saaswedo\/?originalSubdomain=fr\"]}]}<\/script>\n<!-- \/ Yoast SEO plugin. -->","yoast_head_json":{"title":"Logiciel - API - Saaswedo, Pilotage de la Digital Workplace","description":"Notre API est une plateforme ouverte qui s'interface avec des SI externes. Disposez d'une CMDB IT centralis\u00e9e qui permet \u00e0 un fournisseur de s'interfacer et d'int\u00e9ragir avec mytem360.","robots":{"index":"index","follow":"follow","max-snippet":"max-snippet:-1","max-image-preview":"max-image-preview:large","max-video-preview":"max-video-preview:-1"},"canonical":"https:\/\/www.saaswedo.com\/fr\/logiciel-api\/","og_locale":"fr_FR","og_type":"article","og_title":"Logiciel - API - Saaswedo, Pilotage de la Digital Workplace","og_description":"Notre API est une plateforme ouverte qui s'interface avec des SI externes. Disposez d'une CMDB IT centralis\u00e9e qui permet \u00e0 un fournisseur de s'interfacer et d'int\u00e9ragir avec mytem360.","og_url":"https:\/\/www.saaswedo.com\/fr\/logiciel-api\/","og_site_name":"SAASWEDO - Sustainable Digital Workplace performance","article_modified_time":"2023-06-22T14:42:47+00:00","og_image":[{"width":1280,"height":768,"url":"https:\/\/www.saaswedo.com\/wp-content\/uploads\/2022\/11\/visuel-saaswedo_1024x768.jpg","type":"image\/jpeg"}],"twitter_card":"summary_large_image","twitter_title":"Logiciel - API - Saaswedo, Pilotage de la Digital Workplace","twitter_description":"Notre API est une plateforme ouverte qui s'interface avec des SI externes. Disposez d'une CMDB IT centralis\u00e9e qui permet \u00e0 un fournisseur de s'interfacer et d'int\u00e9ragir avec mytem360.","twitter_misc":{"Dur\u00e9e de lecture estim\u00e9e":"4 minutes"},"schema":{"@context":"https:\/\/schema.org","@graph":[{"@type":"WebPage","@id":"https:\/\/www.saaswedo.com\/fr\/logiciel-api\/","url":"https:\/\/www.saaswedo.com\/fr\/logiciel-api\/","name":"Logiciel - API - Saaswedo, Pilotage de la Digital Workplace","isPartOf":{"@id":"https:\/\/www.saaswedo.com\/fr\/#website"},"primaryImageOfPage":{"@id":"https:\/\/www.saaswedo.com\/fr\/logiciel-api\/#primaryimage"},"image":{"@id":"https:\/\/www.saaswedo.com\/fr\/logiciel-api\/#primaryimage"},"thumbnailUrl":"https:\/\/www.saaswedo.com\/wp-content\/uploads\/2022\/11\/visuel-saaswedo_1024x768.jpg","datePublished":"2023-02-01T09:41:05+00:00","dateModified":"2023-06-22T14:42:47+00:00","description":"Notre API est une plateforme ouverte qui s'interface avec des SI externes. Disposez d'une CMDB IT centralis\u00e9e qui permet \u00e0 un fournisseur de s'interfacer et d'int\u00e9ragir avec mytem360.","breadcrumb":{"@id":"https:\/\/www.saaswedo.com\/fr\/logiciel-api\/#breadcrumb"},"inLanguage":"fr-FR","potentialAction":[{"@type":"ReadAction","target":["https:\/\/www.saaswedo.com\/fr\/logiciel-api\/"]}]},{"@type":"ImageObject","inLanguage":"fr-FR","@id":"https:\/\/www.saaswedo.com\/fr\/logiciel-api\/#primaryimage","url":"https:\/\/www.saaswedo.com\/wp-content\/uploads\/2022\/11\/visuel-saaswedo_1024x768.jpg","contentUrl":"https:\/\/www.saaswedo.com\/wp-content\/uploads\/2022\/11\/visuel-saaswedo_1024x768.jpg","width":1280,"height":768,"caption":"saas"},{"@type":"BreadcrumbList","@id":"https:\/\/www.saaswedo.com\/fr\/logiciel-api\/#breadcrumb","itemListElement":[{"@type":"ListItem","position":1,"name":"Accueil","item":"https:\/\/www.saaswedo.com\/fr\/"},{"@type":"ListItem","position":2,"name":"Logiciel &#8211; API"}]},{"@type":"WebSite","@id":"https:\/\/www.saaswedo.com\/fr\/#website","url":"https:\/\/www.saaswedo.com\/fr\/","name":"SAASWEDO - Sustainable Digital Workplace performance","description":"Depuis plus de 15 ans, Saaswedo d\u00e9livre aux entreprises des offres qui permettent de maitriser leur politique IT et t\u00e9l\u00e9com, de simplifier la gestion de leurs actifs et d\u2019optimiser leurs co\u00fbts.","publisher":{"@id":"https:\/\/www.saaswedo.com\/fr\/#organization"},"potentialAction":[{"@type":"SearchAction","target":{"@type":"EntryPoint","urlTemplate":"https:\/\/www.saaswedo.com\/fr\/?s={search_term_string}"},"query-input":{"@type":"PropertyValueSpecification","valueRequired":true,"valueName":"search_term_string"}}],"inLanguage":"fr-FR"},{"@type":"Organization","@id":"https:\/\/www.saaswedo.com\/fr\/#organization","name":"SAASWEDO","url":"https:\/\/www.saaswedo.com\/fr\/","logo":{"@type":"ImageObject","inLanguage":"fr-FR","@id":"https:\/\/www.saaswedo.com\/fr\/#\/schema\/logo\/image\/","url":"https:\/\/www.saaswedo.com\/wp-content\/uploads\/2022\/11\/cropped-saaswedo-profil_512-1.png","contentUrl":"https:\/\/www.saaswedo.com\/wp-content\/uploads\/2022\/11\/cropped-saaswedo-profil_512-1.png","width":512,"height":512,"caption":"SAASWEDO"},"image":{"@id":"https:\/\/www.saaswedo.com\/fr\/#\/schema\/logo\/image\/"},"sameAs":["https:\/\/www.linkedin.com\/company\/saaswedo\/?originalSubdomain=fr"]}]}},"_links":{"self":[{"href":"https:\/\/www.saaswedo.com\/fr\/wp-json\/wp\/v2\/pages\/880","targetHints":{"allow":["GET"]}}],"collection":[{"href":"https:\/\/www.saaswedo.com\/fr\/wp-json\/wp\/v2\/pages"}],"about":[{"href":"https:\/\/www.saaswedo.com\/fr\/wp-json\/wp\/v2\/types\/page"}],"author":[{"embeddable":true,"href":"https:\/\/www.saaswedo.com\/fr\/wp-json\/wp\/v2\/users\/1"}],"replies":[{"embeddable":true,"href":"https:\/\/www.saaswedo.com\/fr\/wp-json\/wp\/v2\/comments?post=880"}],"version-history":[{"count":13,"href":"https:\/\/www.saaswedo.com\/fr\/wp-json\/wp\/v2\/pages\/880\/revisions"}],"predecessor-version":[{"id":1687,"href":"https:\/\/www.saaswedo.com\/fr\/wp-json\/wp\/v2\/pages\/880\/revisions\/1687"}],"wp:featuredmedia":[{"embeddable":true,"href":"https:\/\/www.saaswedo.com\/fr\/wp-json\/wp\/v2\/media\/103"}],"wp:attachment":[{"href":"https:\/\/www.saaswedo.com\/fr\/wp-json\/wp\/v2\/media?parent=880"}],"curies":[{"name":"wp","href":"https:\/\/api.w.org\/{rel}","templated":true}]}}