{"id":889,"date":"2023-02-01T11:44:35","date_gmt":"2023-02-01T10:44:35","guid":{"rendered":"https:\/\/www.saaswedo.com\/?page_id=889"},"modified":"2024-05-28T15:36:34","modified_gmt":"2024-05-28T13:36:34","slug":"prestation-conseil-strategique-digital-workplace","status":"publish","type":"page","link":"https:\/\/www.saaswedo.com\/fr\/prestation-conseil-strategique-digital-workplace\/","title":{"rendered":"Prestation &#8211; Conseils technologiques et strat\u00e9giques"},"content":{"rendered":"<section class=\"wpb-content-wrapper\"><p>[vc_row padding_top_multiplier=\u00a0\u00bb3x\u00a0\u00bb padding_bottom_multiplier=\u00a0\u00bb2x\u00a0\u00bb columns_gap=\u00a0\u00bbnone\u00a0\u00bb][vc_column text_align=\u00a0\u00bbcenter\u00a0\u00bb animation=\u00a0\u00bbfade-in-up\u00a0\u00bb]<div class=\"grve-empty-space grve-height-2x\"><\/div><h1 class=\"grve-element grve-title grve-align-center grve-h1\" style=\"margin-bottom: 40px;\"><span>Conseils technologiques et strat\u00e9giques<\/span><\/h1><div class=\"grve-empty-space grve-height-1x\"><\/div>[\/vc_column][\/vc_row][vc_row padding_bottom_multiplier=\u00a0\u00bb2x\u00a0\u00bb columns_gap=\u00a0\u00bb60&Prime;][vc_column width=\u00a0\u00bb1\/2&Prime; vertical_content_position=\u00a0\u00bbmiddle\u00a0\u00bb animation=\u00a0\u00bbfade-in-up\u00a0\u00bb animation_delay=\u00a0\u00bb200&Prime; mobile_column_order=\u00a0\u00bb2&Prime;]<h2 class=\"grve-element grve-title grve-align-inherit grve-h4 grve-custom-font-2\"><span>Pour un v\u00e9ritable vecteur de performance business<\/span><\/h2>[vc_column_text]<\/p>\n<h6><\/h6>\n<p>[\/vc_column_text][vc_column_text animation_delay=\u00a0\u00bb200&Prime; el_class=\u00a0\u00bblist-perso\u00a0\u00bb]<strong>En tant que filiale du groupe EPSA, cr\u00e9ateur de performance durable pour les entreprises, Saaswedo peut s\u2019appuyer sur les comp\u00e9tences des autres business units du groupe pour apporter des prestations compl\u00e9mentaires \u00e0 ses clients. C\u2019est notamment le cas avec EPSA Transfo &amp; Digital qui accompagne les entreprises dans la transformation globale de leurs pratiques, en mobilisant l&rsquo;ensemble de collaborateurs et en proposant des solutions innovantes.<\/strong><\/p>\n<p>Avec EPSA Transfo &amp; Digital, notre mission est d\u2019accompagner la transformation de la Direction des Syst\u00e8mes d&rsquo;Information (DSI) en un v\u00e9ritable vecteur de performance business. Nous sommes conscients que les enjeux strat\u00e9giques entourant les projets digitaux n&rsquo;ont jamais \u00e9t\u00e9 aussi critiques pour les entreprises. Ainsi, notre approche holistique vise \u00e0 fournir aux DSI, aux acteurs m\u00e9tiers et aux d\u00e9cideurs financiers tous les \u00e9clairages n\u00e9cessaires pour stimuler la performance des services IT.[\/vc_column_text][\/vc_column][vc_column width=\u00a0\u00bb1\/2&Prime; animation_delay=\u00a0\u00bb400&Prime; mobile_column_order=\u00a0\u00bb1&Prime;]<div data-animation=\"clipping-left\" data-delay=\"400\" data-duration=\"normal\" class=\"grve-element grve-image grve-align-center grve-clipping-animation grve-advanced-animation grve-animated-item grve-image-space-100 grve-image-expand-width grve-light-gallery\">\r\n\t<div class=\"grve-image-item\">\r\n\t\t\r\n\r\n<div class=\"grve-image-wrapper grve-radius-5 grve-shadow-small grve-no-effect\">\r\n\t\t<a class=\"grve-item-url\" href=\"https:\/\/www.saaswedo.com\/wp-content\/uploads\/2023\/02\/epsa-saaswedo.jpg\"><\/a>\t\t<div class=\"grve-thumbnail-wrapper\"><div class=\"grve-thumbnail\"  style=\"padding-top: 78.766%;\"><img loading=\"lazy\" decoding=\"async\" width=\"843\" height=\"664\" src=\"https:\/\/www.saaswedo.com\/wp-content\/uploads\/2023\/02\/epsa-saaswedo.jpg\" class=\"attachment-full size-full\" alt=\"conseil digital workplace\" data-column-space=\"100\" data-lazyload=\"\" data-grve-filter=\"yes\" srcset=\"https:\/\/www.saaswedo.com\/wp-content\/uploads\/2023\/02\/epsa-saaswedo.jpg 843w, https:\/\/www.saaswedo.com\/wp-content\/uploads\/2023\/02\/epsa-saaswedo-300x236.jpg 300w, https:\/\/www.saaswedo.com\/wp-content\/uploads\/2023\/02\/epsa-saaswedo-768x605.jpg 768w\" sizes=\"auto, (max-width: 843px) 100vw, 843px\" \/><\/div><\/div>\t<\/div>\r\n\t<\/div>\r\n<\/div>\r\n[\/vc_column][\/vc_row][vc_row columns_gap=\u00a0\u00bb60&Prime;][vc_column width=\u00a0\u00bb1\/2&Prime; animation=\u00a0\u00bbfade-in-up\u00a0\u00bb animation_delay=\u00a0\u00bb200&Prime; mobile_column_order=\u00a0\u00bb1&Prime;][vc_column_text]<\/p>\n<h6><\/h6>\n<p>[\/vc_column_text][vc_column_text animation_delay=\u00a0\u00bb200&Prime; el_class=\u00a0\u00bblist-perso\u00a0\u00bb]<strong>Cette collaboration avec EPSA Transfo &amp; Digital permet \u00e0 nos clients de b\u00e9n\u00e9ficier de plusieurs avantages :\u00a0<\/strong><\/p>\n<ul>\n<li>L&rsquo;expertise de Saaswedo en mati\u00e8re de gestion des actifs IT et t\u00e9l\u00e9coms et de transformation digitale de la Digital Workplace<\/li>\n<li>Une solution logicielle SaaS innovante pour optimiser les co\u00fbts des infrastructures IT<\/li>\n<li>Un accompagnement personnalis\u00e9 dans la mise en place d&rsquo;une Digital Workplace moderne et collaborative<\/li>\n<\/ul>\n<p>[\/vc_column_text][\/vc_column][vc_column width=\u00a0\u00bb1\/2&Prime; animation=\u00a0\u00bbfade-in-up\u00a0\u00bb animation_delay=\u00a0\u00bb400&Prime; mobile_column_order=\u00a0\u00bb2&Prime;][vc_column_text animation_delay=\u00a0\u00bb200&Prime; el_class=\u00a0\u00bblist-perso\u00a0\u00bb]<strong>EPSA Transformation &amp; Digital vous accompagne plus sp\u00e9cifiquement sur des plans d\u2019am\u00e9lioration continue pour\u00a0l\u2019ensemble de votre cha\u00eene de valeur au travers de 6 domaines d\u2019activit\u00e9 strat\u00e9giques, en int\u00e9grant les principes de la responsabilit\u00e9 soci\u00e9tale et environnementale (RSE).<\/strong><\/p>\n<ul>\n<li>LES OP\u00c9RATIONS<\/li>\n<li>LA SUPPLY CHAIN<\/li>\n<li>LES SYST\u00c8MES D\u2019INFORMATION<\/li>\n<li>LES ACHATS<\/li>\n<li>LA COMPTABILIT\u00c9 \/ FINANCE<\/li>\n<li>LES RESSOURCES HUMAINES<\/li>\n<\/ul>\n<p>[\/vc_column_text][\/vc_column][\/vc_row][vc_row padding_bottom_multiplier=\u00a0\u00bb4x\u00a0\u00bb columns_gap=\u00a0\u00bbnone\u00a0\u00bb][vc_column text_align=\u00a0\u00bbcenter\u00a0\u00bb animation=\u00a0\u00bbclipping\u00a0\u00bb clipping_animation=\u00a0\u00bbcolored-clipping-left\u00a0\u00bb][vc_row_inner rc_bg_type=\u00a0\u00bbimage\u00a0\u00bb rc_bg_image=\u00a0\u00bb695&Prime; rc_bg_image_type=\u00a0\u00bbfixed\u00a0\u00bb rc_add_shadow=\u00a0\u00bbmedium-shadow\u00a0\u00bb tablet_sm_columns_vertical_gap=\u00a0\u00bb60&Prime;][vc_column_inner text_align=\u00a0\u00bbcenter\u00a0\u00bb rc_heading_color=\u00a0\u00bbwhite\u00a0\u00bb grve_css=\u00a0\u00bb{\u00ab\u00a0desktop\u00ab\u00a0:{\u00ab\u00a0padding-top\u00ab\u00a0:\u00ab\u00a05%\u00ab\u00a0,\u00ab\u00a0padding-right\u00ab\u00a0:\u00ab\u00a05%\u00ab\u00a0,\u00ab\u00a0padding-bottom\u00ab\u00a0:\u00ab\u00a05%\u00ab\u00a0,\u00ab\u00a0padding-left\u00ab\u00a0:\u00ab\u00a05%\u00ab\u00a0,\u00ab\u00a0class\u00ab\u00a0:\u00ab\u00a0grve-wpb-1709225572040\u00ab\u00a0}}\u00a0\u00bb rc_font_color=\u00a0\u00bb#ffffff\u00a0\u00bb][vc_column_text animation_delay=\u00a0\u00bb200&Prime; el_class=\u00a0\u00bblist-perso\u00a0\u00bb]<\/p>\n<p style=\"text-align: center;\">Pour en savoir plus sur EPSA Transformation &amp; Digital et le groupe : <strong><span style=\"color: #ffffff;\"><a style=\"color: #ffffff;\" href=\"https:\/\/www.epsa.com\/transfo-digital\/\">www.epsa.com\u00a0<\/a><\/span><\/strong><\/p>\n<p>[\/vc_column_text][\/vc_column_inner][\/vc_row_inner][\/vc_column][\/vc_row][vc_row padding_top_multiplier=\u00a0\u00bb3x\u00a0\u00bb padding_bottom_multiplier=\u00a0\u00bb\u00a0\u00bb rc_bg_type=\u00a0\u00bbgradient\u00a0\u00bb rc_bg_gradient_color_1=\u00a0\u00bbrgba(255,255,255,0.01)\u00a0\u00bb rc_bg_gradient_color_2=\u00a0\u00bb#ffffff\u00a0\u00bb rc_bg_gradient_direction=\u00a0\u00bb180&Prime;][vc_column text_align=\u00a0\u00bbcenter\u00a0\u00bb animation=\u00a0\u00bbfade-in-up\u00a0\u00bb]<h2 class=\"grve-element grve-title grve-align-inherit grve-h4 grve-custom-font-2\"><span>Besoin de renseignements ?<\/span><\/h2><h3 class=\"grve-element grve-title grve-align-center grve-subtitle-text\" style=\"margin-bottom: 10px;\"><span>Nos \u00e9quipes se tiennent \u00e0 votre disposition pour r\u00e9pondre \u00e0 vos questions<\/span><\/h3><div class=\"grve-empty-space grve-height-1x\"><\/div><div class=\"grve-element grve-divider\"><div class=\"grve-vertical-divider grve-align-inherit grve-height-2x grve-line-anim-top-bottom\" style=\"width: 1px;\"><span class=\"grve-bg-primary-1\"><\/span><\/div><\/div><div class=\"grve-empty-space grve-height-1x\"><\/div>[\/vc_column][\/vc_row][vc_row padding_top_multiplier=\u00a0\u00bb\u00a0\u00bb padding_bottom_multiplier=\u00a0\u00bb4x\u00a0\u00bb rc_bg_type=\u00a0\u00bbcolor\u00a0\u00bb rc_bg_color=\u00a0\u00bb#ffffff\u00a0\u00bb][vc_column width=\u00a0\u00bb1\/6&Prime;][\/vc_column][vc_column width=\u00a0\u00bb2\/3&Prime;]<div class=\"grve-element grve-contact-form grve-form-btn-simple grve-form-btn-square grve-form-btn-bg-primary-1 grve-form-btn-bg-hover-black grve-form-btn-medium grve-form-input-border-type-solid grve-form-input-border-grey grve-form-input-text-black grve-form-input-placeholder-black grve-form-input-bg-light-grey\">\n<div class=\"wpcf7 no-js\" id=\"wpcf7-f630-o1\" lang=\"fr-FR\" dir=\"ltr\" data-wpcf7-id=\"630\">\n<div class=\"screen-reader-response\"><p role=\"status\" aria-live=\"polite\" aria-atomic=\"true\"><\/p> <ul><\/ul><\/div>\n<form action=\"\/fr\/wp-json\/wp\/v2\/pages\/889#wpcf7-f630-o1\" method=\"post\" class=\"wpcf7-form init\" aria-label=\"Formulaire de contact\" novalidate=\"novalidate\" data-status=\"init\">\n<fieldset class=\"hidden-fields-container\"><input type=\"hidden\" name=\"_wpcf7\" value=\"630\" \/><input type=\"hidden\" name=\"_wpcf7_version\" value=\"6.1.5\" \/><input type=\"hidden\" name=\"_wpcf7_locale\" value=\"fr_FR\" \/><input type=\"hidden\" name=\"_wpcf7_unit_tag\" value=\"wpcf7-f630-o1\" \/><input type=\"hidden\" name=\"_wpcf7_container_post\" value=\"0\" \/><input type=\"hidden\" name=\"_wpcf7_posted_data_hash\" value=\"\" \/><input type=\"hidden\" name=\"_wpcf7_recaptcha_response\" value=\"\" \/>\n<\/fieldset>\n<div class=\"grve-form grve-fields-grey-bg grve-fields-round\">\n<div class=\"grve-fields-wrapper\">\n<div class=\"grve-one-half\"><span class=\"wpcf7-form-control-wrap\" data-name=\"your-name\"><input size=\"40\" maxlength=\"400\" class=\"wpcf7-form-control wpcf7-text wpcf7-validates-as-required\" autocomplete=\"off\" aria-required=\"true\" aria-invalid=\"false\" placeholder=\"Nom *\" value=\"\" type=\"text\" name=\"your-name\" \/><\/span><\/div>\n<div class=\"grve-one-half grve-last-column\"><span class=\"wpcf7-form-control-wrap\" data-name=\"your-email\"><input size=\"40\" maxlength=\"400\" class=\"wpcf7-form-control wpcf7-email wpcf7-validates-as-required wpcf7-text wpcf7-validates-as-email\" autocomplete=\"off\" aria-required=\"true\" aria-invalid=\"false\" placeholder=\"Email *\" value=\"\" type=\"email\" name=\"your-email\" \/><\/span><\/div>\n<div class=\"grve-one-half\"><span class=\"wpcf7-form-control-wrap\" data-name=\"your-subject\"><input size=\"40\" maxlength=\"400\" class=\"wpcf7-form-control wpcf7-text wpcf7-validates-as-required\" autocomplete=\"off\" aria-required=\"true\" aria-invalid=\"false\" placeholder=\"Objet *\" value=\"\" type=\"text\" name=\"your-subject\" \/><\/span><\/div>\n<div class=\"grve-one-half grve-last-column\"><span class=\"wpcf7-form-control-wrap\" data-name=\"your-phone\"><input size=\"40\" maxlength=\"400\" class=\"wpcf7-form-control wpcf7-text\" aria-invalid=\"false\" placeholder=\"T\u00e9l\u00e9phone\" value=\"\" type=\"text\" name=\"your-phone\" \/><\/span><\/div>\n<div><span class=\"wpcf7-form-control-wrap\" data-name=\"your-message\"><textarea cols=\"40\" rows=\"10\" maxlength=\"2000\" class=\"wpcf7-form-control wpcf7-textarea wpcf7-validates-as-required\" aria-required=\"true\" aria-invalid=\"false\" placeholder=\"Message *\" name=\"your-message\"><\/textarea><\/span><\/div>\n<div>Choix du destinataire : <span class=\"wpcf7-form-control-wrap\" data-name=\"destinataire\"><select class=\"wpcf7-form-control wpcf7-select wpcf7-validates-as-required\" aria-required=\"true\" aria-invalid=\"false\" name=\"destinataire\"><option value=\"USA\">USA<\/option><option value=\"Europe\">Europe<\/option><\/select><\/span><\/div>\n<div><span id=\"wpcf7-69efcb73d0f57-wrapper\" class=\"wpcf7-form-control-wrap City-wrap\" style=\"display:none !important; visibility:hidden !important;\"><input type=\"hidden\" name=\"City-time-start\" value=\"1777322867\"><input type=\"hidden\" name=\"City-time-check\" value=\"4\"><label for=\"wpcf7-69efcb73d0f57-field\" class=\"hp-message\">Veuillez laisser ce champ vide.<\/label><input id=\"wpcf7-69efcb73d0f57-field\"  class=\"wpcf7-form-control wpcf7-text\" type=\"text\" name=\"City\" value=\"\" size=\"40\" tabindex=\"-1\" autocomplete=\"new-password\" \/><\/span><\/div>\n<div><input class=\"wpcf7-form-control wpcf7-submit has-spinner grve-fluid-button\" type=\"submit\" value=\"Envoyer votre message\" \/><\/div>\n<\/div>\n<\/div><div class=\"wpcf7-response-output\" aria-hidden=\"true\"><\/div>\n<\/form>\n<\/div>\n<\/div>[\/vc_column][vc_column width=\u00a0\u00bb1\/6&Prime;][\/vc_column][\/vc_row]<\/p>\n<\/section>","protected":false},"excerpt":{"rendered":"<p>[vc_row padding_top_multiplier=\u00a0\u00bb3x\u00a0\u00bb padding_bottom_multiplier=\u00a0\u00bb2x\u00a0\u00bb columns_gap=\u00a0\u00bbnone\u00a0\u00bb][vc_column text_align=\u00a0\u00bbcenter\u00a0\u00bb animation=\u00a0\u00bbfade-in-up\u00a0\u00bb][\/vc_column][\/vc_row][vc_row padding_bottom_multiplier=\u00a0\u00bb2x\u00a0\u00bb columns_gap=\u00a0\u00bb60&Prime;][vc_column width=\u00a0\u00bb1\/2&Prime; vertical_content_position=\u00a0\u00bbmiddle\u00a0\u00bb animation=\u00a0\u00bbfade-in-up\u00a0\u00bb animation_delay=\u00a0\u00bb200&Prime; mobile_column_order=\u00a0\u00bb2&Prime;][vc_column_text] [\/vc_column_text][vc_column_text animation_delay=\u00a0\u00bb200&Prime; el_class=\u00a0\u00bblist-perso\u00a0\u00bb]En tant que filiale du groupe EPSA, cr\u00e9ateur de performance durable pour les entreprises, Saaswedo peut s\u2019appuyer sur les comp\u00e9tences des autres business units du groupe pour apporter des prestations compl\u00e9mentaires \u00e0 ses clients. C\u2019est notamment le cas avec EPSA [&hellip;]<\/p>\n","protected":false},"author":1,"featured_media":103,"parent":0,"menu_order":0,"comment_status":"closed","ping_status":"closed","template":"","meta":{"inline_featured_image":false,"footnotes":""},"class_list":["post-889","page","type-page","status-publish","has-post-thumbnail","hentry","grve-entry-item"],"yoast_head":"<!-- This site is optimized with the Yoast SEO plugin v27.2 - https:\/\/yoast.com\/product\/yoast-seo-wordpress\/ -->\n<title>Conseils technologiques et strat\u00e9giques - Saaswedo<\/title>\n<meta name=\"description\" content=\"Saaswedo fournit du conseil aux DSI afin de les aider \u00e0 impl\u00e9menter des strat\u00e9gies pour am\u00e9liorer la performance de leur Digital Workplace.\" \/>\n<meta name=\"robots\" content=\"index, follow, max-snippet:-1, max-image-preview:large, max-video-preview:-1\" \/>\n<link rel=\"canonical\" href=\"https:\/\/www.saaswedo.com\/fr\/prestation-conseil-strategique-digital-workplace\/\" \/>\n<meta property=\"og:locale\" content=\"fr_FR\" \/>\n<meta property=\"og:type\" content=\"article\" \/>\n<meta property=\"og:title\" content=\"Professional Services - Saaswedo - Performance de la Digital Workplace\" \/>\n<meta property=\"og:description\" content=\"Nos Professional Services assurent la maintenance en condition op\u00e9rationnelle (MCO) de nos plateformes. Ils vous permettent de vous affranchir des t\u00e2ches d\u2019exploitation courante.\" \/>\n<meta property=\"og:url\" content=\"https:\/\/www.saaswedo.com\/fr\/prestation-conseil-strategique-digital-workplace\/\" \/>\n<meta property=\"og:site_name\" content=\"SAASWEDO - Sustainable Digital Workplace performance\" \/>\n<meta property=\"article:modified_time\" content=\"2024-05-28T13:36:34+00:00\" \/>\n<meta property=\"og:image\" content=\"https:\/\/www.saaswedo.com\/wp-content\/uploads\/2022\/11\/visuel-saaswedo_1024x768.jpg\" \/>\n\t<meta property=\"og:image:width\" content=\"1280\" \/>\n\t<meta property=\"og:image:height\" content=\"768\" \/>\n\t<meta property=\"og:image:type\" content=\"image\/jpeg\" \/>\n<meta name=\"twitter:card\" content=\"summary_large_image\" \/>\n<meta name=\"twitter:title\" content=\"Professional Services - Saaswedo - Performance de la Digital Workplace\" \/>\n<meta name=\"twitter:description\" content=\"Nos Professional Services assurent la maintenance en condition op\u00e9rationnelle (MCO) de nos plateformes. Ils vous permettent de vous affranchir des t\u00e2ches d\u2019exploitation courante.\" \/>\n<meta name=\"twitter:label1\" content=\"Dur\u00e9e de lecture estim\u00e9e\" \/>\n\t<meta name=\"twitter:data1\" content=\"2 minutes\" \/>\n<script type=\"application\/ld+json\" class=\"yoast-schema-graph\">{\"@context\":\"https:\/\/schema.org\",\"@graph\":[{\"@type\":\"WebPage\",\"@id\":\"https:\/\/www.saaswedo.com\/fr\/prestation-conseil-strategique-digital-workplace\/\",\"url\":\"https:\/\/www.saaswedo.com\/fr\/prestation-conseil-strategique-digital-workplace\/\",\"name\":\"Conseils technologiques et strat\u00e9giques - Saaswedo\",\"isPartOf\":{\"@id\":\"https:\/\/www.saaswedo.com\/fr\/#website\"},\"primaryImageOfPage\":{\"@id\":\"https:\/\/www.saaswedo.com\/fr\/prestation-conseil-strategique-digital-workplace\/#primaryimage\"},\"image\":{\"@id\":\"https:\/\/www.saaswedo.com\/fr\/prestation-conseil-strategique-digital-workplace\/#primaryimage\"},\"thumbnailUrl\":\"https:\/\/www.saaswedo.com\/wp-content\/uploads\/2022\/11\/visuel-saaswedo_1024x768.jpg\",\"datePublished\":\"2023-02-01T10:44:35+00:00\",\"dateModified\":\"2024-05-28T13:36:34+00:00\",\"description\":\"Saaswedo fournit du conseil aux DSI afin de les aider \u00e0 impl\u00e9menter des strat\u00e9gies pour am\u00e9liorer la performance de leur Digital Workplace.\",\"breadcrumb\":{\"@id\":\"https:\/\/www.saaswedo.com\/fr\/prestation-conseil-strategique-digital-workplace\/#breadcrumb\"},\"inLanguage\":\"fr-FR\",\"potentialAction\":[{\"@type\":\"ReadAction\",\"target\":[\"https:\/\/www.saaswedo.com\/fr\/prestation-conseil-strategique-digital-workplace\/\"]}]},{\"@type\":\"ImageObject\",\"inLanguage\":\"fr-FR\",\"@id\":\"https:\/\/www.saaswedo.com\/fr\/prestation-conseil-strategique-digital-workplace\/#primaryimage\",\"url\":\"https:\/\/www.saaswedo.com\/wp-content\/uploads\/2022\/11\/visuel-saaswedo_1024x768.jpg\",\"contentUrl\":\"https:\/\/www.saaswedo.com\/wp-content\/uploads\/2022\/11\/visuel-saaswedo_1024x768.jpg\",\"width\":1280,\"height\":768,\"caption\":\"saas\"},{\"@type\":\"BreadcrumbList\",\"@id\":\"https:\/\/www.saaswedo.com\/fr\/prestation-conseil-strategique-digital-workplace\/#breadcrumb\",\"itemListElement\":[{\"@type\":\"ListItem\",\"position\":1,\"name\":\"Accueil\",\"item\":\"https:\/\/www.saaswedo.com\/fr\/\"},{\"@type\":\"ListItem\",\"position\":2,\"name\":\"Prestation &#8211; Conseils technologiques et strat\u00e9giques\"}]},{\"@type\":\"WebSite\",\"@id\":\"https:\/\/www.saaswedo.com\/fr\/#website\",\"url\":\"https:\/\/www.saaswedo.com\/fr\/\",\"name\":\"SAASWEDO - Sustainable Digital Workplace performance\",\"description\":\"Depuis plus de 15 ans, Saaswedo d\u00e9livre aux entreprises des offres qui permettent de maitriser leur politique IT et t\u00e9l\u00e9com, de simplifier la gestion de leurs actifs et d\u2019optimiser leurs co\u00fbts.\",\"publisher\":{\"@id\":\"https:\/\/www.saaswedo.com\/fr\/#organization\"},\"potentialAction\":[{\"@type\":\"SearchAction\",\"target\":{\"@type\":\"EntryPoint\",\"urlTemplate\":\"https:\/\/www.saaswedo.com\/fr\/?s={search_term_string}\"},\"query-input\":{\"@type\":\"PropertyValueSpecification\",\"valueRequired\":true,\"valueName\":\"search_term_string\"}}],\"inLanguage\":\"fr-FR\"},{\"@type\":\"Organization\",\"@id\":\"https:\/\/www.saaswedo.com\/fr\/#organization\",\"name\":\"SAASWEDO\",\"url\":\"https:\/\/www.saaswedo.com\/fr\/\",\"logo\":{\"@type\":\"ImageObject\",\"inLanguage\":\"fr-FR\",\"@id\":\"https:\/\/www.saaswedo.com\/fr\/#\/schema\/logo\/image\/\",\"url\":\"https:\/\/www.saaswedo.com\/wp-content\/uploads\/2022\/11\/cropped-saaswedo-profil_512-1.png\",\"contentUrl\":\"https:\/\/www.saaswedo.com\/wp-content\/uploads\/2022\/11\/cropped-saaswedo-profil_512-1.png\",\"width\":512,\"height\":512,\"caption\":\"SAASWEDO\"},\"image\":{\"@id\":\"https:\/\/www.saaswedo.com\/fr\/#\/schema\/logo\/image\/\"},\"sameAs\":[\"https:\/\/www.linkedin.com\/company\/saaswedo\/?originalSubdomain=fr\"]}]}<\/script>\n<!-- \/ Yoast SEO plugin. -->","yoast_head_json":{"title":"Conseils technologiques et strat\u00e9giques - Saaswedo","description":"Saaswedo fournit du conseil aux DSI afin de les aider \u00e0 impl\u00e9menter des strat\u00e9gies pour am\u00e9liorer la performance de leur Digital Workplace.","robots":{"index":"index","follow":"follow","max-snippet":"max-snippet:-1","max-image-preview":"max-image-preview:large","max-video-preview":"max-video-preview:-1"},"canonical":"https:\/\/www.saaswedo.com\/fr\/prestation-conseil-strategique-digital-workplace\/","og_locale":"fr_FR","og_type":"article","og_title":"Professional Services - Saaswedo - Performance de la Digital Workplace","og_description":"Nos Professional Services assurent la maintenance en condition op\u00e9rationnelle (MCO) de nos plateformes. Ils vous permettent de vous affranchir des t\u00e2ches d\u2019exploitation courante.","og_url":"https:\/\/www.saaswedo.com\/fr\/prestation-conseil-strategique-digital-workplace\/","og_site_name":"SAASWEDO - Sustainable Digital Workplace performance","article_modified_time":"2024-05-28T13:36:34+00:00","og_image":[{"width":1280,"height":768,"url":"https:\/\/www.saaswedo.com\/wp-content\/uploads\/2022\/11\/visuel-saaswedo_1024x768.jpg","type":"image\/jpeg"}],"twitter_card":"summary_large_image","twitter_title":"Professional Services - Saaswedo - Performance de la Digital Workplace","twitter_description":"Nos Professional Services assurent la maintenance en condition op\u00e9rationnelle (MCO) de nos plateformes. Ils vous permettent de vous affranchir des t\u00e2ches d\u2019exploitation courante.","twitter_misc":{"Dur\u00e9e de lecture estim\u00e9e":"2 minutes"},"schema":{"@context":"https:\/\/schema.org","@graph":[{"@type":"WebPage","@id":"https:\/\/www.saaswedo.com\/fr\/prestation-conseil-strategique-digital-workplace\/","url":"https:\/\/www.saaswedo.com\/fr\/prestation-conseil-strategique-digital-workplace\/","name":"Conseils technologiques et strat\u00e9giques - Saaswedo","isPartOf":{"@id":"https:\/\/www.saaswedo.com\/fr\/#website"},"primaryImageOfPage":{"@id":"https:\/\/www.saaswedo.com\/fr\/prestation-conseil-strategique-digital-workplace\/#primaryimage"},"image":{"@id":"https:\/\/www.saaswedo.com\/fr\/prestation-conseil-strategique-digital-workplace\/#primaryimage"},"thumbnailUrl":"https:\/\/www.saaswedo.com\/wp-content\/uploads\/2022\/11\/visuel-saaswedo_1024x768.jpg","datePublished":"2023-02-01T10:44:35+00:00","dateModified":"2024-05-28T13:36:34+00:00","description":"Saaswedo fournit du conseil aux DSI afin de les aider \u00e0 impl\u00e9menter des strat\u00e9gies pour am\u00e9liorer la performance de leur Digital Workplace.","breadcrumb":{"@id":"https:\/\/www.saaswedo.com\/fr\/prestation-conseil-strategique-digital-workplace\/#breadcrumb"},"inLanguage":"fr-FR","potentialAction":[{"@type":"ReadAction","target":["https:\/\/www.saaswedo.com\/fr\/prestation-conseil-strategique-digital-workplace\/"]}]},{"@type":"ImageObject","inLanguage":"fr-FR","@id":"https:\/\/www.saaswedo.com\/fr\/prestation-conseil-strategique-digital-workplace\/#primaryimage","url":"https:\/\/www.saaswedo.com\/wp-content\/uploads\/2022\/11\/visuel-saaswedo_1024x768.jpg","contentUrl":"https:\/\/www.saaswedo.com\/wp-content\/uploads\/2022\/11\/visuel-saaswedo_1024x768.jpg","width":1280,"height":768,"caption":"saas"},{"@type":"BreadcrumbList","@id":"https:\/\/www.saaswedo.com\/fr\/prestation-conseil-strategique-digital-workplace\/#breadcrumb","itemListElement":[{"@type":"ListItem","position":1,"name":"Accueil","item":"https:\/\/www.saaswedo.com\/fr\/"},{"@type":"ListItem","position":2,"name":"Prestation &#8211; Conseils technologiques et strat\u00e9giques"}]},{"@type":"WebSite","@id":"https:\/\/www.saaswedo.com\/fr\/#website","url":"https:\/\/www.saaswedo.com\/fr\/","name":"SAASWEDO - Sustainable Digital Workplace performance","description":"Depuis plus de 15 ans, Saaswedo d\u00e9livre aux entreprises des offres qui permettent de maitriser leur politique IT et t\u00e9l\u00e9com, de simplifier la gestion de leurs actifs et d\u2019optimiser leurs co\u00fbts.","publisher":{"@id":"https:\/\/www.saaswedo.com\/fr\/#organization"},"potentialAction":[{"@type":"SearchAction","target":{"@type":"EntryPoint","urlTemplate":"https:\/\/www.saaswedo.com\/fr\/?s={search_term_string}"},"query-input":{"@type":"PropertyValueSpecification","valueRequired":true,"valueName":"search_term_string"}}],"inLanguage":"fr-FR"},{"@type":"Organization","@id":"https:\/\/www.saaswedo.com\/fr\/#organization","name":"SAASWEDO","url":"https:\/\/www.saaswedo.com\/fr\/","logo":{"@type":"ImageObject","inLanguage":"fr-FR","@id":"https:\/\/www.saaswedo.com\/fr\/#\/schema\/logo\/image\/","url":"https:\/\/www.saaswedo.com\/wp-content\/uploads\/2022\/11\/cropped-saaswedo-profil_512-1.png","contentUrl":"https:\/\/www.saaswedo.com\/wp-content\/uploads\/2022\/11\/cropped-saaswedo-profil_512-1.png","width":512,"height":512,"caption":"SAASWEDO"},"image":{"@id":"https:\/\/www.saaswedo.com\/fr\/#\/schema\/logo\/image\/"},"sameAs":["https:\/\/www.linkedin.com\/company\/saaswedo\/?originalSubdomain=fr"]}]}},"_links":{"self":[{"href":"https:\/\/www.saaswedo.com\/fr\/wp-json\/wp\/v2\/pages\/889","targetHints":{"allow":["GET"]}}],"collection":[{"href":"https:\/\/www.saaswedo.com\/fr\/wp-json\/wp\/v2\/pages"}],"about":[{"href":"https:\/\/www.saaswedo.com\/fr\/wp-json\/wp\/v2\/types\/page"}],"author":[{"embeddable":true,"href":"https:\/\/www.saaswedo.com\/fr\/wp-json\/wp\/v2\/users\/1"}],"replies":[{"embeddable":true,"href":"https:\/\/www.saaswedo.com\/fr\/wp-json\/wp\/v2\/comments?post=889"}],"version-history":[{"count":28,"href":"https:\/\/www.saaswedo.com\/fr\/wp-json\/wp\/v2\/pages\/889\/revisions"}],"predecessor-version":[{"id":4211,"href":"https:\/\/www.saaswedo.com\/fr\/wp-json\/wp\/v2\/pages\/889\/revisions\/4211"}],"wp:featuredmedia":[{"embeddable":true,"href":"https:\/\/www.saaswedo.com\/fr\/wp-json\/wp\/v2\/media\/103"}],"wp:attachment":[{"href":"https:\/\/www.saaswedo.com\/fr\/wp-json\/wp\/v2\/media?parent=889"}],"curies":[{"name":"wp","href":"https:\/\/api.w.org\/{rel}","templated":true}]}}